{"id":731309,"date":"2026-04-01T20:37:59","date_gmt":"2026-04-01T19:37:59","guid":{"rendered":"https:\/\/shop.kustom.ch\/?post_type=product&#038;p=731309"},"modified":"2026-04-01T20:39:23","modified_gmt":"2026-04-01T19:39:23","slug":"cyclist-damen-regenjacke","status":"publish","type":"product","link":"https:\/\/shop.kustom.ch\/fr\/produit\/cyclist-damen-regenjacke\/","title":{"rendered":"Veste de pluie pour femme Cyclist"},"content":{"rendered":"<p>Cyclist . Avec cette veste de v\u00e9lo, on voit le cycliste de loin et en m\u00eame temps, la veste est absolument imperm\u00e9able et coupe-vent.<\/p>","protected":false},"excerpt":{"rendered":"<p>Cyclist . Avec cette veste de v\u00e9lo, on voit le cycliste de loin et en m\u00eame temps, la veste est absolument imperm\u00e9able et coupe-vent.<\/p>","protected":false},"featured_media":731374,"template":"","meta":[],"product_brand":[],"product_cat":[4186],"product_tag":[],"class_list":{"0":"post-731309","1":"product","2":"type-product","3":"status-publish","4":"has-post-thumbnail","6":"product_cat-jacken","7":"pa_brand-rukka","8":"pa_brand-type-workwear","9":"pa_filter-color-gelb","11":"first","12":"instock","13":"taxable","14":"shipping-taxable","15":"purchasable","16":"product-type-variable","17":"add-to-wishlist-before_image"},"exclude_global_add_ons":[],"addons":[],"acf":[],"_links":{"self":[{"href":"https:\/\/shop.kustom.ch\/fr\/wp-json\/wp\/v2\/product\/731309"}],"collection":[{"href":"https:\/\/shop.kustom.ch\/fr\/wp-json\/wp\/v2\/product"}],"about":[{"href":"https:\/\/shop.kustom.ch\/fr\/wp-json\/wp\/v2\/types\/product"}],"wp:featuredmedia":[{"embeddable":true,"href":"https:\/\/shop.kustom.ch\/fr\/wp-json\/wp\/v2\/media\/731374"}],"wp:attachment":[{"href":"https:\/\/shop.kustom.ch\/fr\/wp-json\/wp\/v2\/media?parent=731309"}],"wp:term":[{"taxonomy":"product_brand","embeddable":true,"href":"https:\/\/shop.kustom.ch\/fr\/wp-json\/wp\/v2\/product_brand?post=731309"},{"taxonomy":"product_cat","embeddable":true,"href":"https:\/\/shop.kustom.ch\/fr\/wp-json\/wp\/v2\/product_cat?post=731309"},{"taxonomy":"product_tag","embeddable":true,"href":"https:\/\/shop.kustom.ch\/fr\/wp-json\/wp\/v2\/product_tag?post=731309"}],"curies":[{"name":"wp","href":"https:\/\/api.w.org\/{rel}","templated":true}]}}