{"id":731277,"date":"2026-04-01T20:37:32","date_gmt":"2026-04-01T19:37:32","guid":{"rendered":"https:\/\/shop.kustom.ch\/?post_type=product&#038;p=731277"},"modified":"2026-04-01T20:38:51","modified_gmt":"2026-04-01T19:38:51","slug":"pippa-damen-soft-shell-hose","status":"publish","type":"product","link":"https:\/\/shop.kustom.ch\/fr\/produit\/pippa-damen-soft-shell-hose\/","title":{"rendered":"Pantalon Pippa Soft Shell pour femmes"},"content":{"rendered":"<p>Pippa. la Soft Shell pour femmes en mat\u00e9riau ext\u00e9rieur \u00e9lastique et membrane d\u00e9perlante est le compagnon id\u00e9al pour les randonn\u00e9es en raquettes et autres aventures durant la saison plus fra\u00eeche.<\/p>","protected":false},"excerpt":{"rendered":"<p>Pippa. la Soft Shell pour femmes en mat\u00e9riau ext\u00e9rieur \u00e9lastique et membrane d\u00e9perlante est le compagnon id\u00e9al pour les randonn\u00e9es en raquettes et autres aventures durant la saison plus fra\u00eeche.<\/p>","protected":false},"featured_media":731333,"template":"","meta":[],"product_brand":[],"product_cat":[4185],"product_tag":[],"class_list":{"0":"post-731277","1":"product","2":"type-product","3":"status-publish","4":"has-post-thumbnail","6":"product_cat-hosen","7":"pa_brand-rukka","8":"pa_brand-type-workwear","9":"pa_filter-color-grau","11":"first","12":"instock","13":"taxable","14":"shipping-taxable","15":"purchasable","16":"product-type-variable","17":"add-to-wishlist-before_image"},"exclude_global_add_ons":[],"addons":[],"acf":[],"_links":{"self":[{"href":"https:\/\/shop.kustom.ch\/fr\/wp-json\/wp\/v2\/product\/731277"}],"collection":[{"href":"https:\/\/shop.kustom.ch\/fr\/wp-json\/wp\/v2\/product"}],"about":[{"href":"https:\/\/shop.kustom.ch\/fr\/wp-json\/wp\/v2\/types\/product"}],"wp:featuredmedia":[{"embeddable":true,"href":"https:\/\/shop.kustom.ch\/fr\/wp-json\/wp\/v2\/media\/731333"}],"wp:attachment":[{"href":"https:\/\/shop.kustom.ch\/fr\/wp-json\/wp\/v2\/media?parent=731277"}],"wp:term":[{"taxonomy":"product_brand","embeddable":true,"href":"https:\/\/shop.kustom.ch\/fr\/wp-json\/wp\/v2\/product_brand?post=731277"},{"taxonomy":"product_cat","embeddable":true,"href":"https:\/\/shop.kustom.ch\/fr\/wp-json\/wp\/v2\/product_cat?post=731277"},{"taxonomy":"product_tag","embeddable":true,"href":"https:\/\/shop.kustom.ch\/fr\/wp-json\/wp\/v2\/product_tag?post=731277"}],"curies":[{"name":"wp","href":"https:\/\/api.w.org\/{rel}","templated":true}]}}