{"id":731214,"date":"2026-04-01T20:36:35","date_gmt":"2026-04-01T19:36:35","guid":{"rendered":"https:\/\/shop.kustom.ch\/?post_type=product&#038;p=731214"},"modified":"2026-04-01T20:37:55","modified_gmt":"2026-04-01T19:37:55","slug":"pepper-damen-winterjacke","status":"publish","type":"product","link":"https:\/\/shop.kustom.ch\/fr\/produit\/pepper-damen-winterjacke\/","title":{"rendered":"Veste d'hiver pour femme Pepper"},"content":{"rendered":"<p>Pepper . Cette belle parka d'hiver est le compagnon id\u00e9al par tous les temps. Le mat\u00e9riau doux mais robuste est garanti imperm\u00e9able et te garde au sec de mani\u00e8re fiable. Son design sobre et sa belle coupe attirent tous les regards et te donnent une touche de style.<\/p>","protected":false},"excerpt":{"rendered":"<p>Pepper . Cette belle parka d'hiver est le compagnon id\u00e9al par tous les temps. Le mat\u00e9riau doux mais robuste est garanti imperm\u00e9able et te garde au sec de mani\u00e8re fiable. Son design sobre et sa belle coupe attirent tous les regards et te donnent une touche de style.<\/p>","protected":false},"featured_media":731276,"template":"","meta":[],"product_brand":[],"product_cat":[4186],"product_tag":[],"class_list":{"0":"post-731214","1":"product","2":"type-product","3":"status-publish","4":"has-post-thumbnail","6":"product_cat-jacken","7":"pa_brand-rukka","8":"pa_brand-type-workwear","9":"pa_filter-color-blau","10":"pa_filter-color-gruen","11":"pa_filter-color-rot","13":"first","14":"instock","15":"taxable","16":"shipping-taxable","17":"purchasable","18":"product-type-variable","19":"add-to-wishlist-before_image"},"exclude_global_add_ons":[],"addons":[],"acf":[],"_links":{"self":[{"href":"https:\/\/shop.kustom.ch\/fr\/wp-json\/wp\/v2\/product\/731214"}],"collection":[{"href":"https:\/\/shop.kustom.ch\/fr\/wp-json\/wp\/v2\/product"}],"about":[{"href":"https:\/\/shop.kustom.ch\/fr\/wp-json\/wp\/v2\/types\/product"}],"wp:featuredmedia":[{"embeddable":true,"href":"https:\/\/shop.kustom.ch\/fr\/wp-json\/wp\/v2\/media\/731276"}],"wp:attachment":[{"href":"https:\/\/shop.kustom.ch\/fr\/wp-json\/wp\/v2\/media?parent=731214"}],"wp:term":[{"taxonomy":"product_brand","embeddable":true,"href":"https:\/\/shop.kustom.ch\/fr\/wp-json\/wp\/v2\/product_brand?post=731214"},{"taxonomy":"product_cat","embeddable":true,"href":"https:\/\/shop.kustom.ch\/fr\/wp-json\/wp\/v2\/product_cat?post=731214"},{"taxonomy":"product_tag","embeddable":true,"href":"https:\/\/shop.kustom.ch\/fr\/wp-json\/wp\/v2\/product_tag?post=731214"}],"curies":[{"name":"wp","href":"https:\/\/api.w.org\/{rel}","templated":true}]}}