{"id":731163,"date":"2026-04-01T20:35:38","date_gmt":"2026-04-01T19:35:38","guid":{"rendered":"https:\/\/shop.kustom.ch\/?post_type=product&#038;p=731163"},"modified":"2026-04-01T20:36:55","modified_gmt":"2026-04-01T19:36:55","slug":"jannine-damen-daunenmantel","status":"publish","type":"product","link":"https:\/\/shop.kustom.ch\/fr\/produit\/jannine-damen-daunenmantel\/","title":{"rendered":"Jannine Manteau de duvet pour femmes"},"content":{"rendered":"<p>Le manteau Jannine. Le nouveau manteau Jannine a une coupe un peu plus large et est donc absolument confortable \u00e0 porter. Gr\u00e2ce \u00e0 son rembourrage de haute qualit\u00e9, le manteau est toujours parfait du point de vue de la temp\u00e9rature.<\/p>","protected":false},"excerpt":{"rendered":"<p>Le manteau Jannine. Le nouveau manteau Jannine a une coupe un peu plus large et est donc absolument confortable \u00e0 porter. Gr\u00e2ce \u00e0 son rembourrage de haute qualit\u00e9, le manteau est toujours parfait du point de vue de la temp\u00e9rature.<\/p>","protected":false},"featured_media":731204,"template":"","meta":[],"product_brand":[],"product_cat":[4186],"product_tag":[],"class_list":{"0":"post-731163","1":"product","2":"type-product","3":"status-publish","4":"has-post-thumbnail","6":"product_cat-jacken","7":"pa_brand-rukka","8":"pa_brand-type-workwear","9":"pa_filter-color-gruen","10":"pa_filter-color-schwarz","12":"first","13":"instock","14":"taxable","15":"shipping-taxable","16":"purchasable","17":"product-type-variable","18":"add-to-wishlist-before_image"},"exclude_global_add_ons":[],"addons":[],"acf":[],"_links":{"self":[{"href":"https:\/\/shop.kustom.ch\/fr\/wp-json\/wp\/v2\/product\/731163"}],"collection":[{"href":"https:\/\/shop.kustom.ch\/fr\/wp-json\/wp\/v2\/product"}],"about":[{"href":"https:\/\/shop.kustom.ch\/fr\/wp-json\/wp\/v2\/types\/product"}],"wp:featuredmedia":[{"embeddable":true,"href":"https:\/\/shop.kustom.ch\/fr\/wp-json\/wp\/v2\/media\/731204"}],"wp:attachment":[{"href":"https:\/\/shop.kustom.ch\/fr\/wp-json\/wp\/v2\/media?parent=731163"}],"wp:term":[{"taxonomy":"product_brand","embeddable":true,"href":"https:\/\/shop.kustom.ch\/fr\/wp-json\/wp\/v2\/product_brand?post=731163"},{"taxonomy":"product_cat","embeddable":true,"href":"https:\/\/shop.kustom.ch\/fr\/wp-json\/wp\/v2\/product_cat?post=731163"},{"taxonomy":"product_tag","embeddable":true,"href":"https:\/\/shop.kustom.ch\/fr\/wp-json\/wp\/v2\/product_tag?post=731163"}],"curies":[{"name":"wp","href":"https:\/\/api.w.org\/{rel}","templated":true}]}}