{"id":731076,"date":"2026-04-01T20:34:16","date_gmt":"2026-04-01T19:34:16","guid":{"rendered":"https:\/\/shop.kustom.ch\/?post_type=product&#038;p=731076"},"modified":"2026-04-01T20:35:34","modified_gmt":"2026-04-01T19:35:34","slug":"debora-damen-fleece-jacke","status":"publish","type":"product","link":"https:\/\/shop.kustom.ch\/fr\/produit\/debora-damen-fleece-jacke\/","title":{"rendered":"Veste polaire Debora pour femme"},"content":{"rendered":"<p>La veste Debora. Avec cette veste polaire l\u00e9g\u00e8rement doubl\u00e9e, la gamme rukka offre un digne successeur au best-seller de longue date Diana. Les entreprises, les associations, les clubs et de nombreux particuliers appr\u00e9cient cette veste polaire simple et confortable.<\/p>","protected":false},"excerpt":{"rendered":"<p>La veste Debora. Avec cette veste polaire l\u00e9g\u00e8rement doubl\u00e9e, la gamme rukka offre un digne successeur au best-seller de longue date Diana. Les entreprises, les associations, les clubs et de nombreux particuliers appr\u00e9cient cette veste polaire simple et confortable.<\/p>","protected":false},"featured_media":731130,"template":"","meta":[],"product_brand":[],"product_cat":[4186],"product_tag":[],"class_list":{"0":"post-731076","1":"product","2":"type-product","3":"status-publish","4":"has-post-thumbnail","6":"product_cat-jacken","7":"pa_brand-rukka","8":"pa_brand-type-workwear","9":"pa_filter-color-grau","10":"pa_filter-color-schwarz","11":"pa_filter-color-weiss","13":"first","14":"instock","15":"taxable","16":"shipping-taxable","17":"purchasable","18":"product-type-variable","19":"add-to-wishlist-before_image"},"exclude_global_add_ons":[],"addons":[],"acf":[],"_links":{"self":[{"href":"https:\/\/shop.kustom.ch\/fr\/wp-json\/wp\/v2\/product\/731076"}],"collection":[{"href":"https:\/\/shop.kustom.ch\/fr\/wp-json\/wp\/v2\/product"}],"about":[{"href":"https:\/\/shop.kustom.ch\/fr\/wp-json\/wp\/v2\/types\/product"}],"wp:featuredmedia":[{"embeddable":true,"href":"https:\/\/shop.kustom.ch\/fr\/wp-json\/wp\/v2\/media\/731130"}],"wp:attachment":[{"href":"https:\/\/shop.kustom.ch\/fr\/wp-json\/wp\/v2\/media?parent=731076"}],"wp:term":[{"taxonomy":"product_brand","embeddable":true,"href":"https:\/\/shop.kustom.ch\/fr\/wp-json\/wp\/v2\/product_brand?post=731076"},{"taxonomy":"product_cat","embeddable":true,"href":"https:\/\/shop.kustom.ch\/fr\/wp-json\/wp\/v2\/product_cat?post=731076"},{"taxonomy":"product_tag","embeddable":true,"href":"https:\/\/shop.kustom.ch\/fr\/wp-json\/wp\/v2\/product_tag?post=731076"}],"curies":[{"name":"wp","href":"https:\/\/api.w.org\/{rel}","templated":true}]}}