{"id":731049,"date":"2026-04-01T20:33:48","date_gmt":"2026-04-01T19:33:48","guid":{"rendered":"https:\/\/shop.kustom.ch\/?post_type=product&#038;p=731049"},"modified":"2026-04-01T20:35:06","modified_gmt":"2026-04-01T19:35:06","slug":"fanny-damen-fleece-jacke","status":"publish","type":"product","link":"https:\/\/shop.kustom.ch\/fr\/produit\/fanny-damen-fleece-jacke\/","title":{"rendered":"Veste polaire pour femme Fanny"},"content":{"rendered":"<p>Fanny . La polaire tricot\u00e9e s\u00e9duit par sa belle coupe et sa finition droite. Son aspect tricot\u00e9 sportif lui permet \u00e9galement d'attirer l'attention sous une veste de ski ou une veste de protection contre les intemp\u00e9ries.<\/p>","protected":false},"excerpt":{"rendered":"<p>Fanny . La polaire tricot\u00e9e s\u00e9duit par sa belle coupe et sa finition droite. Son aspect tricot\u00e9 sportif lui permet \u00e9galement d'attirer l'attention sous une veste de ski ou une veste de protection contre les intemp\u00e9ries.<\/p>","protected":false},"featured_media":731093,"template":"","meta":[],"product_brand":[],"product_cat":[4186],"product_tag":[],"class_list":{"0":"post-731049","1":"product","2":"type-product","3":"status-publish","4":"has-post-thumbnail","6":"product_cat-jacken","7":"pa_brand-rukka","8":"pa_brand-type-workwear","9":"pa_filter-color-braun","10":"pa_filter-color-grau","11":"pa_filter-color-gruen","12":"pa_filter-color-rot","14":"first","15":"instock","16":"taxable","17":"shipping-taxable","18":"purchasable","19":"product-type-variable","20":"add-to-wishlist-before_image"},"exclude_global_add_ons":[],"addons":[],"acf":[],"_links":{"self":[{"href":"https:\/\/shop.kustom.ch\/fr\/wp-json\/wp\/v2\/product\/731049"}],"collection":[{"href":"https:\/\/shop.kustom.ch\/fr\/wp-json\/wp\/v2\/product"}],"about":[{"href":"https:\/\/shop.kustom.ch\/fr\/wp-json\/wp\/v2\/types\/product"}],"wp:featuredmedia":[{"embeddable":true,"href":"https:\/\/shop.kustom.ch\/fr\/wp-json\/wp\/v2\/media\/731093"}],"wp:attachment":[{"href":"https:\/\/shop.kustom.ch\/fr\/wp-json\/wp\/v2\/media?parent=731049"}],"wp:term":[{"taxonomy":"product_brand","embeddable":true,"href":"https:\/\/shop.kustom.ch\/fr\/wp-json\/wp\/v2\/product_brand?post=731049"},{"taxonomy":"product_cat","embeddable":true,"href":"https:\/\/shop.kustom.ch\/fr\/wp-json\/wp\/v2\/product_cat?post=731049"},{"taxonomy":"product_tag","embeddable":true,"href":"https:\/\/shop.kustom.ch\/fr\/wp-json\/wp\/v2\/product_tag?post=731049"}],"curies":[{"name":"wp","href":"https:\/\/api.w.org\/{rel}","templated":true}]}}