{"id":730819,"date":"2026-04-01T20:30:41","date_gmt":"2026-04-01T19:30:41","guid":{"rendered":"https:\/\/shop.kustom.ch\/?post_type=product&#038;p=730819"},"modified":"2026-04-01T20:32:47","modified_gmt":"2026-04-01T19:32:47","slug":"travelcoat-damen-regenmantel","status":"publish","type":"product","link":"https:\/\/shop.kustom.ch\/fr\/produit\/travelcoat-damen-regenmantel\/","title":{"rendered":"Manteau de pluie pour femme Travelcoat"},"content":{"rendered":"<p>Manteau de voyage. Cet imperm\u00e9able super l\u00e9ger est le compagnon de voyage id\u00e9al. Pliable, il se range facilement dans un sac \u00e0 dos ou une valise et est toujours disponible en cas de vent ou de pluie.<\/p>","protected":false},"excerpt":{"rendered":"<p>Manteau de voyage. Cet imperm\u00e9able super l\u00e9ger est le compagnon de voyage id\u00e9al. Pliable, il se range facilement dans un sac \u00e0 dos ou une valise et est toujours disponible en cas de vent ou de pluie.<\/p>","protected":false},"featured_media":730846,"template":"","meta":[],"product_brand":[],"product_cat":[4186],"product_tag":[],"class_list":{"0":"post-730819","1":"product","2":"type-product","3":"status-publish","4":"has-post-thumbnail","6":"product_cat-jacken","7":"pa_brand-rukka","8":"pa_brand-type-workwear","9":"pa_filter-color-beige","10":"pa_filter-color-blau","11":"pa_filter-color-gelb","12":"pa_filter-color-grau","13":"pa_filter-color-gruen","14":"pa_filter-color-pink","15":"pa_filter-color-rot","16":"pa_filter-color-schwarz","17":"pa_filter-color-violet","19":"first","20":"instock","21":"taxable","22":"shipping-taxable","23":"purchasable","24":"product-type-variable","25":"add-to-wishlist-before_image"},"exclude_global_add_ons":[],"addons":[],"acf":[],"_links":{"self":[{"href":"https:\/\/shop.kustom.ch\/fr\/wp-json\/wp\/v2\/product\/730819"}],"collection":[{"href":"https:\/\/shop.kustom.ch\/fr\/wp-json\/wp\/v2\/product"}],"about":[{"href":"https:\/\/shop.kustom.ch\/fr\/wp-json\/wp\/v2\/types\/product"}],"wp:featuredmedia":[{"embeddable":true,"href":"https:\/\/shop.kustom.ch\/fr\/wp-json\/wp\/v2\/media\/730846"}],"wp:attachment":[{"href":"https:\/\/shop.kustom.ch\/fr\/wp-json\/wp\/v2\/media?parent=730819"}],"wp:term":[{"taxonomy":"product_brand","embeddable":true,"href":"https:\/\/shop.kustom.ch\/fr\/wp-json\/wp\/v2\/product_brand?post=730819"},{"taxonomy":"product_cat","embeddable":true,"href":"https:\/\/shop.kustom.ch\/fr\/wp-json\/wp\/v2\/product_cat?post=730819"},{"taxonomy":"product_tag","embeddable":true,"href":"https:\/\/shop.kustom.ch\/fr\/wp-json\/wp\/v2\/product_tag?post=730819"}],"curies":[{"name":"wp","href":"https:\/\/api.w.org\/{rel}","templated":true}]}}