{"id":730712,"date":"2026-04-01T20:28:36","date_gmt":"2026-04-01T19:28:36","guid":{"rendered":"https:\/\/shop.kustom.ch\/?post_type=product&#038;p=730712"},"modified":"2026-04-01T20:31:08","modified_gmt":"2026-04-01T19:31:08","slug":"romy-damen-fleece-jacke","status":"publish","type":"product","link":"https:\/\/shop.kustom.ch\/fr\/produit\/romy-damen-fleece-jacke\/","title":{"rendered":"Veste polaire Romy pour femmes"},"content":{"rendered":"<p>Romy . On ne veut plus quitter cette belle polaire corail, tellement elle est douce et moelleuse au toucher. La veste Romy peut \u00e9galement \u00eatre port\u00e9e comme couche d'isolation sous les vestes de pluie ou de ski.<\/p>","protected":false},"excerpt":{"rendered":"<p>Romy . On ne veut plus quitter cette belle polaire corail, tellement elle est douce et moelleuse au toucher. La veste Romy peut \u00e9galement \u00eatre port\u00e9e comme couche d'isolation sous les vestes de pluie ou de ski.<\/p>","protected":false},"featured_media":730766,"template":"","meta":[],"product_brand":[],"product_cat":[4186],"product_tag":[],"class_list":{"0":"post-730712","1":"product","2":"type-product","3":"status-publish","4":"has-post-thumbnail","6":"product_cat-jacken","7":"pa_brand-rukka","8":"pa_brand-type-workwear","9":"pa_filter-color-blau","10":"pa_filter-color-grau","11":"pa_filter-color-pink","12":"pa_filter-color-schwarz","13":"pa_filter-color-weiss","15":"first","16":"instock","17":"taxable","18":"shipping-taxable","19":"purchasable","20":"product-type-variable","21":"add-to-wishlist-before_image"},"exclude_global_add_ons":[],"addons":[],"acf":[],"_links":{"self":[{"href":"https:\/\/shop.kustom.ch\/fr\/wp-json\/wp\/v2\/product\/730712"}],"collection":[{"href":"https:\/\/shop.kustom.ch\/fr\/wp-json\/wp\/v2\/product"}],"about":[{"href":"https:\/\/shop.kustom.ch\/fr\/wp-json\/wp\/v2\/types\/product"}],"wp:featuredmedia":[{"embeddable":true,"href":"https:\/\/shop.kustom.ch\/fr\/wp-json\/wp\/v2\/media\/730766"}],"wp:attachment":[{"href":"https:\/\/shop.kustom.ch\/fr\/wp-json\/wp\/v2\/media?parent=730712"}],"wp:term":[{"taxonomy":"product_brand","embeddable":true,"href":"https:\/\/shop.kustom.ch\/fr\/wp-json\/wp\/v2\/product_brand?post=730712"},{"taxonomy":"product_cat","embeddable":true,"href":"https:\/\/shop.kustom.ch\/fr\/wp-json\/wp\/v2\/product_cat?post=730712"},{"taxonomy":"product_tag","embeddable":true,"href":"https:\/\/shop.kustom.ch\/fr\/wp-json\/wp\/v2\/product_tag?post=730712"}],"curies":[{"name":"wp","href":"https:\/\/api.w.org\/{rel}","templated":true}]}}