{"id":730689,"date":"2026-04-01T20:28:09","date_gmt":"2026-04-01T19:28:09","guid":{"rendered":"https:\/\/shop.kustom.ch\/?post_type=product&#038;p=730689"},"modified":"2026-04-01T20:30:03","modified_gmt":"2026-04-01T19:30:03","slug":"ronja-damen-daunen-mantel","status":"publish","type":"product","link":"https:\/\/shop.kustom.ch\/fr\/produit\/ronja-damen-daunen-mantel\/","title":{"rendered":"Ronja Manteau en duvet pour femmes"},"content":{"rendered":"<p>Ronja. Ce manteau d'hiver chaud avec capuche fixe et rembourrage en duvet de haute qualit\u00e9 (duvet certifi\u00e9), ne vous laissera pas tomber m\u00eame par des temp\u00e9ratures glaciales. Les 2 fermetures \u00e0 glissi\u00e8re lat\u00e9rales, le beau piquage et la longueur agr\u00e9able en font une veste qui attire tous les regards.<\/p>","protected":false},"excerpt":{"rendered":"<p>Ronja. Ce manteau d'hiver chaud avec capuche fixe et rembourrage en duvet de haute qualit\u00e9 (duvet certifi\u00e9), ne vous laissera pas tomber m\u00eame par des temp\u00e9ratures glaciales. Les 2 fermetures \u00e0 glissi\u00e8re lat\u00e9rales, le beau piquage et la longueur agr\u00e9able en font une veste qui attire tous les regards.<\/p>","protected":false},"featured_media":730750,"template":"","meta":[],"product_brand":[],"product_cat":[4186],"product_tag":[],"class_list":{"0":"post-730689","1":"product","2":"type-product","3":"status-publish","4":"has-post-thumbnail","6":"product_cat-jacken","7":"pa_brand-rukka","8":"pa_brand-type-workwear","9":"pa_filter-color-blau","10":"pa_filter-color-schwarz","12":"first","13":"instock","14":"taxable","15":"shipping-taxable","16":"purchasable","17":"product-type-variable","18":"add-to-wishlist-before_image"},"exclude_global_add_ons":[],"addons":[],"acf":[],"_links":{"self":[{"href":"https:\/\/shop.kustom.ch\/fr\/wp-json\/wp\/v2\/product\/730689"}],"collection":[{"href":"https:\/\/shop.kustom.ch\/fr\/wp-json\/wp\/v2\/product"}],"about":[{"href":"https:\/\/shop.kustom.ch\/fr\/wp-json\/wp\/v2\/types\/product"}],"wp:featuredmedia":[{"embeddable":true,"href":"https:\/\/shop.kustom.ch\/fr\/wp-json\/wp\/v2\/media\/730750"}],"wp:attachment":[{"href":"https:\/\/shop.kustom.ch\/fr\/wp-json\/wp\/v2\/media?parent=730689"}],"wp:term":[{"taxonomy":"product_brand","embeddable":true,"href":"https:\/\/shop.kustom.ch\/fr\/wp-json\/wp\/v2\/product_brand?post=730689"},{"taxonomy":"product_cat","embeddable":true,"href":"https:\/\/shop.kustom.ch\/fr\/wp-json\/wp\/v2\/product_cat?post=730689"},{"taxonomy":"product_tag","embeddable":true,"href":"https:\/\/shop.kustom.ch\/fr\/wp-json\/wp\/v2\/product_tag?post=730689"}],"curies":[{"name":"wp","href":"https:\/\/api.w.org\/{rel}","templated":true}]}}