{"id":730688,"date":"2026-04-01T20:28:09","date_gmt":"2026-04-01T19:28:09","guid":{"rendered":"https:\/\/shop.kustom.ch\/?post_type=product&#038;p=730688"},"modified":"2026-04-01T20:29:36","modified_gmt":"2026-04-01T19:29:36","slug":"hood-pj-damen-thermo-hoodie","status":"publish","type":"product","link":"https:\/\/shop.kustom.ch\/fr\/produit\/hood-pj-damen-thermo-hoodie\/","title":{"rendered":"Hood PJ Hoodie thermique pour femmes"},"content":{"rendered":"<p>Hood PJ. Cette veste matelass\u00e9e l\u00e9g\u00e8re \u00e0 capuche fixe est le compagnon id\u00e9al pour la mi-saison. Avec de bonnes valeurs d'isolation et la possibilit\u00e9 de l'emballer dans un petit sac, elle est id\u00e9ale pour \u00eatre rang\u00e9e dans le sac \u00e0 dos.<\/p>","protected":false},"excerpt":{"rendered":"<p>Hood PJ. Cette veste matelass\u00e9e l\u00e9g\u00e8re \u00e0 capuche fixe est le compagnon id\u00e9al pour la mi-saison. Avec de bonnes valeurs d'isolation et la possibilit\u00e9 de l'emballer dans un petit sac, elle est id\u00e9ale pour \u00eatre rang\u00e9e dans le sac \u00e0 dos.<\/p>","protected":false},"featured_media":730734,"template":"","meta":[],"product_brand":[],"product_cat":[4184],"product_tag":[],"class_list":{"0":"post-730688","1":"product","2":"type-product","3":"status-publish","4":"has-post-thumbnail","6":"product_cat-hoodies-pullover","7":"pa_brand-rukka","8":"pa_brand-type-workwear","9":"pa_filter-color-blau","10":"pa_filter-color-schwarz","12":"first","13":"instock","14":"taxable","15":"shipping-taxable","16":"purchasable","17":"product-type-variable","18":"add-to-wishlist-before_image"},"exclude_global_add_ons":[],"addons":[],"acf":[],"_links":{"self":[{"href":"https:\/\/shop.kustom.ch\/fr\/wp-json\/wp\/v2\/product\/730688"}],"collection":[{"href":"https:\/\/shop.kustom.ch\/fr\/wp-json\/wp\/v2\/product"}],"about":[{"href":"https:\/\/shop.kustom.ch\/fr\/wp-json\/wp\/v2\/types\/product"}],"wp:featuredmedia":[{"embeddable":true,"href":"https:\/\/shop.kustom.ch\/fr\/wp-json\/wp\/v2\/media\/730734"}],"wp:attachment":[{"href":"https:\/\/shop.kustom.ch\/fr\/wp-json\/wp\/v2\/media?parent=730688"}],"wp:term":[{"taxonomy":"product_brand","embeddable":true,"href":"https:\/\/shop.kustom.ch\/fr\/wp-json\/wp\/v2\/product_brand?post=730688"},{"taxonomy":"product_cat","embeddable":true,"href":"https:\/\/shop.kustom.ch\/fr\/wp-json\/wp\/v2\/product_cat?post=730688"},{"taxonomy":"product_tag","embeddable":true,"href":"https:\/\/shop.kustom.ch\/fr\/wp-json\/wp\/v2\/product_tag?post=730688"}],"curies":[{"name":"wp","href":"https:\/\/api.w.org\/{rel}","templated":true}]}}