{"id":730687,"date":"2026-04-01T20:28:09","date_gmt":"2026-04-01T19:28:09","guid":{"rendered":"https:\/\/shop.kustom.ch\/?post_type=product&#038;p=730687"},"modified":"2026-04-01T20:29:34","modified_gmt":"2026-04-01T19:29:34","slug":"star-hybrid-damen-jacke","status":"publish","type":"product","link":"https:\/\/shop.kustom.ch\/fr\/produit\/star-hybrid-damen-jacke\/","title":{"rendered":"Veste Star Hybrid pour femme"},"content":{"rendered":"<p>star. Cette veste hybride fonctionnelle est le compagnon id\u00e9al pour les activit\u00e9s de plein air. Avec sa partie corporelle matelass\u00e9e et ses manches softshell \u00e9lastiques, elle offre une utilisation polyvalente comme couche d'isolation sous d'autres vestes ou comme veste l\u00e9g\u00e8re pour les randonn\u00e9es \u00e0 ski ou en raquettes.<\/p>","protected":false},"excerpt":{"rendered":"<p>star. Cette veste hybride fonctionnelle est le compagnon id\u00e9al pour les activit\u00e9s de plein air. Avec sa partie corporelle matelass\u00e9e et ses manches softshell \u00e9lastiques, elle offre une utilisation polyvalente comme couche d'isolation sous d'autres vestes ou comme veste l\u00e9g\u00e8re pour les randonn\u00e9es \u00e0 ski ou en raquettes.<\/p>","protected":false},"featured_media":730726,"template":"","meta":[],"product_brand":[],"product_cat":[4186],"product_tag":[],"class_list":{"0":"post-730687","1":"product","2":"type-product","3":"status-publish","4":"has-post-thumbnail","6":"product_cat-jacken","7":"pa_brand-rukka","8":"pa_brand-type-workwear","9":"pa_filter-color-schwarz","11":"first","12":"instock","13":"taxable","14":"shipping-taxable","15":"purchasable","16":"product-type-variable","17":"add-to-wishlist-before_image"},"exclude_global_add_ons":[],"addons":[],"acf":[],"_links":{"self":[{"href":"https:\/\/shop.kustom.ch\/fr\/wp-json\/wp\/v2\/product\/730687"}],"collection":[{"href":"https:\/\/shop.kustom.ch\/fr\/wp-json\/wp\/v2\/product"}],"about":[{"href":"https:\/\/shop.kustom.ch\/fr\/wp-json\/wp\/v2\/types\/product"}],"wp:featuredmedia":[{"embeddable":true,"href":"https:\/\/shop.kustom.ch\/fr\/wp-json\/wp\/v2\/media\/730726"}],"wp:attachment":[{"href":"https:\/\/shop.kustom.ch\/fr\/wp-json\/wp\/v2\/media?parent=730687"}],"wp:term":[{"taxonomy":"product_brand","embeddable":true,"href":"https:\/\/shop.kustom.ch\/fr\/wp-json\/wp\/v2\/product_brand?post=730687"},{"taxonomy":"product_cat","embeddable":true,"href":"https:\/\/shop.kustom.ch\/fr\/wp-json\/wp\/v2\/product_cat?post=730687"},{"taxonomy":"product_tag","embeddable":true,"href":"https:\/\/shop.kustom.ch\/fr\/wp-json\/wp\/v2\/product_tag?post=730687"}],"curies":[{"name":"wp","href":"https:\/\/api.w.org\/{rel}","templated":true}]}}