{"id":730648,"date":"2026-04-01T20:27:41","date_gmt":"2026-04-01T19:27:41","guid":{"rendered":"https:\/\/shop.kustom.ch\/?post_type=product&#038;p=730648"},"modified":"2026-04-01T20:29:02","modified_gmt":"2026-04-01T19:29:02","slug":"meralda-damen-hose","status":"publish","type":"product","link":"https:\/\/shop.kustom.ch\/fr\/produit\/meralda-damen-hose\/","title":{"rendered":"Pantalon pour femme Meralda"},"content":{"rendered":"<p>Pantalon Meralda. Le pantalon, fabriqu\u00e9 en laine m\u00e9rinos 100 %, vous tient bien au chaud. C'est la couche d'isolation id\u00e9ale pour toutes les activit\u00e9s de plein air pendant la saison froide. Le poids est de 200gr.<\/p>","protected":false},"excerpt":{"rendered":"<p>Pantalon Meralda. Le pantalon, fabriqu\u00e9 en laine m\u00e9rinos 100 %, vous tient bien au chaud. C'est la couche d'isolation id\u00e9ale pour toutes les activit\u00e9s de plein air pendant la saison froide. Le poids est de 200gr.<\/p>","protected":false},"featured_media":730716,"template":"","meta":[],"product_brand":[],"product_cat":[4206],"product_tag":[],"class_list":{"0":"post-730648","1":"product","2":"type-product","3":"status-publish","4":"has-post-thumbnail","6":"product_cat-underwear","7":"pa_brand-rukka","8":"pa_brand-type-workwear","9":"pa_filter-color-grau","10":"pa_filter-color-rot","12":"first","13":"instock","14":"taxable","15":"shipping-taxable","16":"purchasable","17":"product-type-variable","18":"add-to-wishlist-before_image"},"exclude_global_add_ons":[],"addons":[],"acf":[],"_links":{"self":[{"href":"https:\/\/shop.kustom.ch\/fr\/wp-json\/wp\/v2\/product\/730648"}],"collection":[{"href":"https:\/\/shop.kustom.ch\/fr\/wp-json\/wp\/v2\/product"}],"about":[{"href":"https:\/\/shop.kustom.ch\/fr\/wp-json\/wp\/v2\/types\/product"}],"wp:featuredmedia":[{"embeddable":true,"href":"https:\/\/shop.kustom.ch\/fr\/wp-json\/wp\/v2\/media\/730716"}],"wp:attachment":[{"href":"https:\/\/shop.kustom.ch\/fr\/wp-json\/wp\/v2\/media?parent=730648"}],"wp:term":[{"taxonomy":"product_brand","embeddable":true,"href":"https:\/\/shop.kustom.ch\/fr\/wp-json\/wp\/v2\/product_brand?post=730648"},{"taxonomy":"product_cat","embeddable":true,"href":"https:\/\/shop.kustom.ch\/fr\/wp-json\/wp\/v2\/product_cat?post=730648"},{"taxonomy":"product_tag","embeddable":true,"href":"https:\/\/shop.kustom.ch\/fr\/wp-json\/wp\/v2\/product_tag?post=730648"}],"curies":[{"name":"wp","href":"https:\/\/api.w.org\/{rel}","templated":true}]}}