{"id":730461,"date":"2026-04-01T20:25:10","date_gmt":"2026-04-01T19:25:10","guid":{"rendered":"https:\/\/shop.kustom.ch\/?post_type=product&#038;p=730461"},"modified":"2026-04-01T20:26:51","modified_gmt":"2026-04-01T19:26:51","slug":"pac-jac-damen-thermo-jacke","status":"publish","type":"product","link":"https:\/\/shop.kustom.ch\/fr\/produit\/pac-jac-damen-thermo-jacke\/","title":{"rendered":"Pac Jac Veste thermique pour femmes"},"content":{"rendered":"<p>Pac Jac. La veste matelass\u00e9e parfaite pour tous ceux qui accordent de l'importance \u00e0 la l\u00e9g\u00e8ret\u00e9 et \u00e0 une excellente isolation. Avec son poids plume et la possibilit\u00e9 de l'emballer dans un petit sac, c'est un must-have absolu et le choix id\u00e9al pour tous ceux qui recherchent confort et polyvalence. Taille petit.<\/p>","protected":false},"excerpt":{"rendered":"<p>Pac Jac. La veste matelass\u00e9e parfaite pour tous ceux qui accordent de l'importance \u00e0 la l\u00e9g\u00e8ret\u00e9 et \u00e0 une excellente isolation. Avec son poids plume et la possibilit\u00e9 de l'emballer dans un petit sac, c'est un must-have absolu et le choix id\u00e9al pour tous ceux qui recherchent confort et polyvalence. Taille petit.<\/p>","protected":false},"featured_media":730520,"template":"","meta":[],"product_brand":[],"product_cat":[4186],"product_tag":[],"class_list":{"0":"post-730461","1":"product","2":"type-product","3":"status-publish","4":"has-post-thumbnail","6":"product_cat-jacken","7":"pa_brand-rukka","8":"pa_brand-type-workwear","9":"pa_filter-color-blau","10":"pa_filter-color-gruen","11":"pa_filter-color-orange","12":"pa_filter-color-schwarz","13":"pa_filter-color-violet","15":"first","16":"instock","17":"taxable","18":"shipping-taxable","19":"purchasable","20":"product-type-variable","21":"add-to-wishlist-before_image"},"exclude_global_add_ons":[],"addons":[],"acf":[],"_links":{"self":[{"href":"https:\/\/shop.kustom.ch\/fr\/wp-json\/wp\/v2\/product\/730461"}],"collection":[{"href":"https:\/\/shop.kustom.ch\/fr\/wp-json\/wp\/v2\/product"}],"about":[{"href":"https:\/\/shop.kustom.ch\/fr\/wp-json\/wp\/v2\/types\/product"}],"wp:featuredmedia":[{"embeddable":true,"href":"https:\/\/shop.kustom.ch\/fr\/wp-json\/wp\/v2\/media\/730520"}],"wp:attachment":[{"href":"https:\/\/shop.kustom.ch\/fr\/wp-json\/wp\/v2\/media?parent=730461"}],"wp:term":[{"taxonomy":"product_brand","embeddable":true,"href":"https:\/\/shop.kustom.ch\/fr\/wp-json\/wp\/v2\/product_brand?post=730461"},{"taxonomy":"product_cat","embeddable":true,"href":"https:\/\/shop.kustom.ch\/fr\/wp-json\/wp\/v2\/product_cat?post=730461"},{"taxonomy":"product_tag","embeddable":true,"href":"https:\/\/shop.kustom.ch\/fr\/wp-json\/wp\/v2\/product_tag?post=730461"}],"curies":[{"name":"wp","href":"https:\/\/api.w.org\/{rel}","templated":true}]}}