{"id":730360,"date":"2026-04-01T20:23:39","date_gmt":"2026-04-01T19:23:39","guid":{"rendered":"https:\/\/shop.kustom.ch\/?post_type=product&#038;p=730360"},"modified":"2026-04-01T20:24:42","modified_gmt":"2026-04-01T19:24:42","slug":"sylta-damen-winterjacke","status":"publish","type":"product","link":"https:\/\/shop.kustom.ch\/fr\/produit\/sylta-damen-winterjacke\/","title":{"rendered":"Sylta Veste d'hiver pour femme"},"content":{"rendered":"<p>Sylta. L'imperm\u00e9able tendance, robuste et facile d'entretien existe d\u00e9sormais aussi en version hivernale pour les jours plus frais. Doubl\u00e9 d'un teddy, il isole parfaitement et a en plus l'air cool.<\/p>","protected":false},"excerpt":{"rendered":"<p>Sylta. L'imperm\u00e9able tendance, robuste et facile d'entretien existe d\u00e9sormais aussi en version hivernale pour les jours plus frais. Doubl\u00e9 d'un teddy, il isole parfaitement et a en plus l'air cool.<\/p>","protected":false},"featured_media":730409,"template":"","meta":[],"product_brand":[],"product_cat":[4186],"product_tag":[],"class_list":{"0":"post-730360","1":"product","2":"type-product","3":"status-publish","4":"has-post-thumbnail","6":"product_cat-jacken","7":"pa_brand-rukka","8":"pa_brand-type-workwear","9":"pa_filter-color-gelb","11":"first","12":"instock","13":"taxable","14":"shipping-taxable","15":"purchasable","16":"product-type-variable","17":"add-to-wishlist-before_image"},"exclude_global_add_ons":[],"addons":[],"acf":[],"_links":{"self":[{"href":"https:\/\/shop.kustom.ch\/fr\/wp-json\/wp\/v2\/product\/730360"}],"collection":[{"href":"https:\/\/shop.kustom.ch\/fr\/wp-json\/wp\/v2\/product"}],"about":[{"href":"https:\/\/shop.kustom.ch\/fr\/wp-json\/wp\/v2\/types\/product"}],"wp:featuredmedia":[{"embeddable":true,"href":"https:\/\/shop.kustom.ch\/fr\/wp-json\/wp\/v2\/media\/730409"}],"wp:attachment":[{"href":"https:\/\/shop.kustom.ch\/fr\/wp-json\/wp\/v2\/media?parent=730360"}],"wp:term":[{"taxonomy":"product_brand","embeddable":true,"href":"https:\/\/shop.kustom.ch\/fr\/wp-json\/wp\/v2\/product_brand?post=730360"},{"taxonomy":"product_cat","embeddable":true,"href":"https:\/\/shop.kustom.ch\/fr\/wp-json\/wp\/v2\/product_cat?post=730360"},{"taxonomy":"product_tag","embeddable":true,"href":"https:\/\/shop.kustom.ch\/fr\/wp-json\/wp\/v2\/product_tag?post=730360"}],"curies":[{"name":"wp","href":"https:\/\/api.w.org\/{rel}","templated":true}]}}