{"id":730304,"date":"2026-04-01T20:22:45","date_gmt":"2026-04-01T19:22:45","guid":{"rendered":"https:\/\/shop.kustom.ch\/?post_type=product&#038;p=730304"},"modified":"2026-04-01T20:24:39","modified_gmt":"2026-04-01T19:24:39","slug":"nikita-damen-3-in-1-jacke","status":"publish","type":"product","link":"https:\/\/shop.kustom.ch\/fr\/produit\/nikita-damen-3-in-1-jacke\/","title":{"rendered":"Veste Nikita 3 en 1 pour femme"},"content":{"rendered":"<p>La veste Nikita. Veste 3 en 1 et donc tout-en-un. Housse ext\u00e9rieure imperm\u00e9able avec veste matelass\u00e9e d\u00e9tachable. Que ce soit par une l\u00e9g\u00e8re pluie d'\u00e9t\u00e9 ou dans une temp\u00eate de neige, vous avez toujours le bon mod\u00e8le avec vous.<\/p>","protected":false},"excerpt":{"rendered":"<p>La veste Nikita. Veste 3 en 1 et donc tout-en-un. Housse ext\u00e9rieure imperm\u00e9able avec veste matelass\u00e9e d\u00e9tachable. Que ce soit par une l\u00e9g\u00e8re pluie d'\u00e9t\u00e9 ou dans une temp\u00eate de neige, vous avez toujours le bon mod\u00e8le avec vous.<\/p>","protected":false},"featured_media":730369,"template":"","meta":[],"product_brand":[],"product_cat":[4186],"product_tag":[],"class_list":{"0":"post-730304","1":"product","2":"type-product","3":"status-publish","4":"has-post-thumbnail","6":"product_cat-jacken","7":"pa_brand-rukka","8":"pa_brand-type-workwear","9":"pa_filter-color-blau","10":"pa_filter-color-grau","11":"pa_filter-color-rot","12":"pa_filter-color-schwarz","14":"first","15":"instock","16":"taxable","17":"shipping-taxable","18":"purchasable","19":"product-type-variable","20":"add-to-wishlist-before_image"},"exclude_global_add_ons":[],"addons":[],"acf":[],"_links":{"self":[{"href":"https:\/\/shop.kustom.ch\/fr\/wp-json\/wp\/v2\/product\/730304"}],"collection":[{"href":"https:\/\/shop.kustom.ch\/fr\/wp-json\/wp\/v2\/product"}],"about":[{"href":"https:\/\/shop.kustom.ch\/fr\/wp-json\/wp\/v2\/types\/product"}],"wp:featuredmedia":[{"embeddable":true,"href":"https:\/\/shop.kustom.ch\/fr\/wp-json\/wp\/v2\/media\/730369"}],"wp:attachment":[{"href":"https:\/\/shop.kustom.ch\/fr\/wp-json\/wp\/v2\/media?parent=730304"}],"wp:term":[{"taxonomy":"product_brand","embeddable":true,"href":"https:\/\/shop.kustom.ch\/fr\/wp-json\/wp\/v2\/product_brand?post=730304"},{"taxonomy":"product_cat","embeddable":true,"href":"https:\/\/shop.kustom.ch\/fr\/wp-json\/wp\/v2\/product_cat?post=730304"},{"taxonomy":"product_tag","embeddable":true,"href":"https:\/\/shop.kustom.ch\/fr\/wp-json\/wp\/v2\/product_tag?post=730304"}],"curies":[{"name":"wp","href":"https:\/\/api.w.org\/{rel}","templated":true}]}}