{"id":730265,"date":"2026-04-01T20:21:52","date_gmt":"2026-04-01T19:21:52","guid":{"rendered":"https:\/\/shop.kustom.ch\/?post_type=product&#038;p=730265"},"modified":"2026-04-01T20:23:05","modified_gmt":"2026-04-01T19:23:05","slug":"larina-damen-regenhose","status":"publish","type":"product","link":"https:\/\/shop.kustom.ch\/fr\/produit\/larina-damen-regenhose\/","title":{"rendered":"Pantalon de pluie Larina pour femmes"},"content":{"rendered":"<p>Le mod\u00e8le Larina. Avec sa colonne d'eau \u00e9lev\u00e9e, c'est notre mod\u00e8le de pantalon de pluie haut de gamme pour femmes. Le zip sur toute la longueur facilite l'acc\u00e8s et vous prot\u00e8ge rapidement et efficacement du vent et des intemp\u00e9ries.<\/p>","protected":false},"excerpt":{"rendered":"<p>Le mod\u00e8le Larina. Avec sa colonne d'eau \u00e9lev\u00e9e, c'est notre mod\u00e8le de pantalon de pluie haut de gamme pour femmes. Le zip sur toute la longueur facilite l'acc\u00e8s et vous prot\u00e8ge rapidement et efficacement du vent et des intemp\u00e9ries.<\/p>","protected":false},"featured_media":730303,"template":"","meta":[],"product_brand":[],"product_cat":[4185],"product_tag":[],"class_list":{"0":"post-730265","1":"product","2":"type-product","3":"status-publish","4":"has-post-thumbnail","6":"product_cat-hosen","7":"pa_brand-rukka","8":"pa_brand-type-workwear","9":"pa_filter-color-blau","10":"pa_filter-color-schwarz","12":"first","13":"instock","14":"taxable","15":"shipping-taxable","16":"purchasable","17":"product-type-variable","18":"add-to-wishlist-before_image"},"exclude_global_add_ons":[],"addons":[],"acf":[],"_links":{"self":[{"href":"https:\/\/shop.kustom.ch\/fr\/wp-json\/wp\/v2\/product\/730265"}],"collection":[{"href":"https:\/\/shop.kustom.ch\/fr\/wp-json\/wp\/v2\/product"}],"about":[{"href":"https:\/\/shop.kustom.ch\/fr\/wp-json\/wp\/v2\/types\/product"}],"wp:featuredmedia":[{"embeddable":true,"href":"https:\/\/shop.kustom.ch\/fr\/wp-json\/wp\/v2\/media\/730303"}],"wp:attachment":[{"href":"https:\/\/shop.kustom.ch\/fr\/wp-json\/wp\/v2\/media?parent=730265"}],"wp:term":[{"taxonomy":"product_brand","embeddable":true,"href":"https:\/\/shop.kustom.ch\/fr\/wp-json\/wp\/v2\/product_brand?post=730265"},{"taxonomy":"product_cat","embeddable":true,"href":"https:\/\/shop.kustom.ch\/fr\/wp-json\/wp\/v2\/product_cat?post=730265"},{"taxonomy":"product_tag","embeddable":true,"href":"https:\/\/shop.kustom.ch\/fr\/wp-json\/wp\/v2\/product_tag?post=730265"}],"curies":[{"name":"wp","href":"https:\/\/api.w.org\/{rel}","templated":true}]}}