{"id":730238,"date":"2026-04-01T20:21:22","date_gmt":"2026-04-01T19:21:22","guid":{"rendered":"https:\/\/shop.kustom.ch\/?post_type=product&#038;p=730238"},"modified":"2026-04-01T20:22:42","modified_gmt":"2026-04-01T19:22:42","slug":"vally-damen-regenjacke","status":"publish","type":"product","link":"https:\/\/shop.kustom.ch\/fr\/produit\/vally-damen-regenjacke\/","title":{"rendered":"Vally veste de pluie pour femmes"},"content":{"rendered":"<p>Vally. Cette veste de pluie en PU tendance et super l\u00e9g\u00e8re offre non seulement une protection maximale contre le vent et les intemp\u00e9ries, mais elle est aussi tr\u00e8s facile \u00e0 ranger et \u00e0 entretenir.<\/p>","protected":false},"excerpt":{"rendered":"<p>Vally. Cette veste de pluie en PU tendance et super l\u00e9g\u00e8re offre non seulement une protection maximale contre le vent et les intemp\u00e9ries, mais elle est aussi tr\u00e8s facile \u00e0 ranger et \u00e0 entretenir.<\/p>","protected":false},"featured_media":730276,"template":"","meta":[],"product_brand":[],"product_cat":[4186],"product_tag":[],"class_list":{"0":"post-730238","1":"product","2":"type-product","3":"status-publish","4":"has-post-thumbnail","6":"product_cat-jacken","7":"pa_brand-rukka","8":"pa_brand-type-workwear","9":"pa_filter-color-blau","10":"pa_filter-color-gruen","12":"first","13":"instock","14":"taxable","15":"shipping-taxable","16":"purchasable","17":"product-type-variable","18":"add-to-wishlist-before_image"},"exclude_global_add_ons":[],"addons":[],"acf":[],"_links":{"self":[{"href":"https:\/\/shop.kustom.ch\/fr\/wp-json\/wp\/v2\/product\/730238"}],"collection":[{"href":"https:\/\/shop.kustom.ch\/fr\/wp-json\/wp\/v2\/product"}],"about":[{"href":"https:\/\/shop.kustom.ch\/fr\/wp-json\/wp\/v2\/types\/product"}],"wp:featuredmedia":[{"embeddable":true,"href":"https:\/\/shop.kustom.ch\/fr\/wp-json\/wp\/v2\/media\/730276"}],"wp:attachment":[{"href":"https:\/\/shop.kustom.ch\/fr\/wp-json\/wp\/v2\/media?parent=730238"}],"wp:term":[{"taxonomy":"product_brand","embeddable":true,"href":"https:\/\/shop.kustom.ch\/fr\/wp-json\/wp\/v2\/product_brand?post=730238"},{"taxonomy":"product_cat","embeddable":true,"href":"https:\/\/shop.kustom.ch\/fr\/wp-json\/wp\/v2\/product_cat?post=730238"},{"taxonomy":"product_tag","embeddable":true,"href":"https:\/\/shop.kustom.ch\/fr\/wp-json\/wp\/v2\/product_tag?post=730238"}],"curies":[{"name":"wp","href":"https:\/\/api.w.org\/{rel}","templated":true}]}}