{"id":730237,"date":"2026-04-01T20:21:22","date_gmt":"2026-04-01T19:21:22","guid":{"rendered":"https:\/\/shop.kustom.ch\/?post_type=product&#038;p=730237"},"modified":"2026-04-01T20:22:15","modified_gmt":"2026-04-01T19:22:15","slug":"annick-damen-long-john","status":"publish","type":"product","link":"https:\/\/shop.kustom.ch\/fr\/produit\/annick-damen-long-john\/","title":{"rendered":"Annick dames long john"},"content":{"rendered":"<p>Annick . C'est un pantalon thermique fonctionnel tr\u00e8s agr\u00e9able, il \u00e9vacue super bien l'humidit\u00e9, tu es donc toujours au sec et bien au chaud.<\/p>","protected":false},"excerpt":{"rendered":"<p>Annick . C'est un pantalon thermique fonctionnel tr\u00e8s agr\u00e9able, il \u00e9vacue super bien l'humidit\u00e9, tu es donc toujours au sec et bien au chaud.<\/p>","protected":false},"featured_media":730271,"template":"","meta":[],"product_brand":[],"product_cat":[4206],"product_tag":[],"class_list":{"0":"post-730237","1":"product","2":"type-product","3":"status-publish","4":"has-post-thumbnail","6":"product_cat-underwear","7":"pa_brand-rukka","8":"pa_brand-type-workwear","9":"pa_filter-color-grau","11":"first","12":"instock","13":"taxable","14":"shipping-taxable","15":"purchasable","16":"product-type-variable","17":"add-to-wishlist-before_image"},"exclude_global_add_ons":[],"addons":[],"acf":[],"_links":{"self":[{"href":"https:\/\/shop.kustom.ch\/fr\/wp-json\/wp\/v2\/product\/730237"}],"collection":[{"href":"https:\/\/shop.kustom.ch\/fr\/wp-json\/wp\/v2\/product"}],"about":[{"href":"https:\/\/shop.kustom.ch\/fr\/wp-json\/wp\/v2\/types\/product"}],"wp:featuredmedia":[{"embeddable":true,"href":"https:\/\/shop.kustom.ch\/fr\/wp-json\/wp\/v2\/media\/730271"}],"wp:attachment":[{"href":"https:\/\/shop.kustom.ch\/fr\/wp-json\/wp\/v2\/media?parent=730237"}],"wp:term":[{"taxonomy":"product_brand","embeddable":true,"href":"https:\/\/shop.kustom.ch\/fr\/wp-json\/wp\/v2\/product_brand?post=730237"},{"taxonomy":"product_cat","embeddable":true,"href":"https:\/\/shop.kustom.ch\/fr\/wp-json\/wp\/v2\/product_cat?post=730237"},{"taxonomy":"product_tag","embeddable":true,"href":"https:\/\/shop.kustom.ch\/fr\/wp-json\/wp\/v2\/product_tag?post=730237"}],"curies":[{"name":"wp","href":"https:\/\/api.w.org\/{rel}","templated":true}]}}