{"id":730200,"date":"2026-04-01T20:20:55","date_gmt":"2026-04-01T19:20:55","guid":{"rendered":"https:\/\/shop.kustom.ch\/?post_type=product&#038;p=730200"},"modified":"2026-04-01T20:21:47","modified_gmt":"2026-04-01T19:21:47","slug":"susi-damen-soft-shell-hose","status":"publish","type":"product","link":"https:\/\/shop.kustom.ch\/fr\/produit\/susi-damen-soft-shell-hose\/","title":{"rendered":"Susi Pantalon Soft Shell pour femmes"},"content":{"rendered":"<p>Susi . Ce pantalon softshell est un must pour tous ceux qui aiment faire de la randonn\u00e9e et qui ne veulent pas renoncer \u00e0 leur hobby m\u00eame par temps frais. Il prot\u00e8ge efficacement du vent et de l'eau, est d\u00e9perlant et offre en outre une coupe confortable et agr\u00e9able.<\/p>","protected":false},"excerpt":{"rendered":"<p>Susi . Ce pantalon softshell est un must pour tous ceux qui aiment faire de la randonn\u00e9e et qui ne veulent pas renoncer \u00e0 leur hobby m\u00eame par temps frais. Il prot\u00e8ge efficacement du vent et de l'eau, est d\u00e9perlant et offre en outre une coupe confortable et agr\u00e9able.<\/p>","protected":false},"featured_media":730248,"template":"","meta":[],"product_brand":[],"product_cat":[4185],"product_tag":[],"class_list":{"0":"post-730200","1":"product","2":"type-product","3":"status-publish","4":"has-post-thumbnail","6":"product_cat-hosen","7":"pa_brand-rukka","8":"pa_brand-type-workwear","9":"pa_filter-color-grau","10":"pa_filter-color-schwarz","12":"first","13":"instock","14":"taxable","15":"shipping-taxable","16":"purchasable","17":"product-type-variable","18":"add-to-wishlist-before_image"},"exclude_global_add_ons":[],"addons":[],"acf":[],"_links":{"self":[{"href":"https:\/\/shop.kustom.ch\/fr\/wp-json\/wp\/v2\/product\/730200"}],"collection":[{"href":"https:\/\/shop.kustom.ch\/fr\/wp-json\/wp\/v2\/product"}],"about":[{"href":"https:\/\/shop.kustom.ch\/fr\/wp-json\/wp\/v2\/types\/product"}],"wp:featuredmedia":[{"embeddable":true,"href":"https:\/\/shop.kustom.ch\/fr\/wp-json\/wp\/v2\/media\/730248"}],"wp:attachment":[{"href":"https:\/\/shop.kustom.ch\/fr\/wp-json\/wp\/v2\/media?parent=730200"}],"wp:term":[{"taxonomy":"product_brand","embeddable":true,"href":"https:\/\/shop.kustom.ch\/fr\/wp-json\/wp\/v2\/product_brand?post=730200"},{"taxonomy":"product_cat","embeddable":true,"href":"https:\/\/shop.kustom.ch\/fr\/wp-json\/wp\/v2\/product_cat?post=730200"},{"taxonomy":"product_tag","embeddable":true,"href":"https:\/\/shop.kustom.ch\/fr\/wp-json\/wp\/v2\/product_tag?post=730200"}],"curies":[{"name":"wp","href":"https:\/\/api.w.org\/{rel}","templated":true}]}}