{"id":730199,"date":"2026-04-01T20:20:55","date_gmt":"2026-04-01T19:20:55","guid":{"rendered":"https:\/\/shop.kustom.ch\/?post_type=product&#038;p=730199"},"modified":"2026-04-01T20:21:44","modified_gmt":"2026-04-01T19:21:44","slug":"sindy-damen-thermo-jacke","status":"publish","type":"product","link":"https:\/\/shop.kustom.ch\/fr\/produit\/sindy-damen-thermo-jacke\/","title":{"rendered":"Veste thermique pour femme Sindy"},"content":{"rendered":"<p>La veste Sindy. La veste parfaite pour tous ceux qui appr\u00e9cient la flexibilit\u00e9 et la polyvalence. Elle peut \u00eatre port\u00e9e de mani\u00e8re r\u00e9versible et offre d'un c\u00f4t\u00e9 un stretch imperm\u00e9able et de l'autre une veste matelass\u00e9e chaude. Cette veste l\u00e9g\u00e8re et parfaitement adapt\u00e9e est id\u00e9ale pour les journ\u00e9es fra\u00eeches.<\/p>","protected":false},"excerpt":{"rendered":"<p>La veste Sindy. La veste parfaite pour tous ceux qui appr\u00e9cient la flexibilit\u00e9 et la polyvalence. Elle peut \u00eatre port\u00e9e de mani\u00e8re r\u00e9versible et offre d'un c\u00f4t\u00e9 un stretch imperm\u00e9able et de l'autre une veste matelass\u00e9e chaude. Cette veste l\u00e9g\u00e8re et parfaitement adapt\u00e9e est id\u00e9ale pour les journ\u00e9es fra\u00eeches.<\/p>","protected":false},"featured_media":730236,"template":"","meta":[],"product_brand":[],"product_cat":[4186],"product_tag":[],"class_list":{"0":"post-730199","1":"product","2":"type-product","3":"status-publish","4":"has-post-thumbnail","6":"product_cat-jacken","7":"pa_brand-rukka","8":"pa_brand-type-workwear","9":"pa_filter-color-pink","11":"first","12":"instock","13":"taxable","14":"shipping-taxable","15":"purchasable","16":"product-type-variable","17":"add-to-wishlist-before_image"},"exclude_global_add_ons":[],"addons":[],"acf":[],"_links":{"self":[{"href":"https:\/\/shop.kustom.ch\/fr\/wp-json\/wp\/v2\/product\/730199"}],"collection":[{"href":"https:\/\/shop.kustom.ch\/fr\/wp-json\/wp\/v2\/product"}],"about":[{"href":"https:\/\/shop.kustom.ch\/fr\/wp-json\/wp\/v2\/types\/product"}],"wp:featuredmedia":[{"embeddable":true,"href":"https:\/\/shop.kustom.ch\/fr\/wp-json\/wp\/v2\/media\/730236"}],"wp:attachment":[{"href":"https:\/\/shop.kustom.ch\/fr\/wp-json\/wp\/v2\/media?parent=730199"}],"wp:term":[{"taxonomy":"product_brand","embeddable":true,"href":"https:\/\/shop.kustom.ch\/fr\/wp-json\/wp\/v2\/product_brand?post=730199"},{"taxonomy":"product_cat","embeddable":true,"href":"https:\/\/shop.kustom.ch\/fr\/wp-json\/wp\/v2\/product_cat?post=730199"},{"taxonomy":"product_tag","embeddable":true,"href":"https:\/\/shop.kustom.ch\/fr\/wp-json\/wp\/v2\/product_tag?post=730199"}],"curies":[{"name":"wp","href":"https:\/\/api.w.org\/{rel}","templated":true}]}}