{"id":730097,"date":"2026-04-01T20:19:02","date_gmt":"2026-04-01T19:19:02","guid":{"rendered":"https:\/\/shop.kustom.ch\/?post_type=product&#038;p=730097"},"modified":"2026-04-01T20:21:17","modified_gmt":"2026-04-01T19:21:17","slug":"gracelyn-damen-wintermantel","status":"publish","type":"product","link":"https:\/\/shop.kustom.ch\/fr\/produit\/gracelyn-damen-wintermantel\/","title":{"rendered":"Gracelyn Manteau d'hiver pour femme"},"content":{"rendered":"<p>Le manteau Gracelyn. Ce manteau urbain dot\u00e9 d'une membrane imperm\u00e9able te prot\u00e8ge de mani\u00e8re fiable dans toutes tes aventures, que ce soit en ville ou lors d'une promenade en for\u00eat. La longueur agr\u00e9able et le tissu ext\u00e9rieur doux te tiennent merveilleusement chaud tout en offrant une grande libert\u00e9 de mouvement.<\/p>","protected":false},"excerpt":{"rendered":"<p>Le manteau Gracelyn. Ce manteau urbain dot\u00e9 d'une membrane imperm\u00e9able te prot\u00e8ge de mani\u00e8re fiable dans toutes tes aventures, que ce soit en ville ou lors d'une promenade en for\u00eat. La longueur agr\u00e9able et le tissu ext\u00e9rieur doux te tiennent merveilleusement chaud tout en offrant une grande libert\u00e9 de mouvement.<\/p>","protected":false},"featured_media":730145,"template":"","meta":[],"product_brand":[],"product_cat":[4186],"product_tag":[],"class_list":{"0":"post-730097","1":"product","2":"type-product","3":"status-publish","4":"has-post-thumbnail","6":"product_cat-jacken","7":"pa_brand-rukka","8":"pa_brand-type-workwear","9":"pa_filter-color-beige","10":"pa_filter-color-blau","11":"pa_filter-color-grau","12":"pa_filter-color-gruen","13":"pa_filter-color-rot","14":"pa_filter-color-schwarz","16":"first","17":"instock","18":"taxable","19":"shipping-taxable","20":"purchasable","21":"product-type-variable","22":"add-to-wishlist-before_image"},"exclude_global_add_ons":[],"addons":[],"acf":[],"_links":{"self":[{"href":"https:\/\/shop.kustom.ch\/fr\/wp-json\/wp\/v2\/product\/730097"}],"collection":[{"href":"https:\/\/shop.kustom.ch\/fr\/wp-json\/wp\/v2\/product"}],"about":[{"href":"https:\/\/shop.kustom.ch\/fr\/wp-json\/wp\/v2\/types\/product"}],"wp:featuredmedia":[{"embeddable":true,"href":"https:\/\/shop.kustom.ch\/fr\/wp-json\/wp\/v2\/media\/730145"}],"wp:attachment":[{"href":"https:\/\/shop.kustom.ch\/fr\/wp-json\/wp\/v2\/media?parent=730097"}],"wp:term":[{"taxonomy":"product_brand","embeddable":true,"href":"https:\/\/shop.kustom.ch\/fr\/wp-json\/wp\/v2\/product_brand?post=730097"},{"taxonomy":"product_cat","embeddable":true,"href":"https:\/\/shop.kustom.ch\/fr\/wp-json\/wp\/v2\/product_cat?post=730097"},{"taxonomy":"product_tag","embeddable":true,"href":"https:\/\/shop.kustom.ch\/fr\/wp-json\/wp\/v2\/product_tag?post=730097"}],"curies":[{"name":"wp","href":"https:\/\/api.w.org\/{rel}","templated":true}]}}