{"id":729991,"date":"2026-04-01T20:17:04","date_gmt":"2026-04-01T19:17:04","guid":{"rendered":"https:\/\/shop.kustom.ch\/?post_type=product&#038;p=729991"},"modified":"2026-04-01T20:18:54","modified_gmt":"2026-04-01T19:18:54","slug":"evita-damen-regenjacken","status":"publish","type":"product","link":"https:\/\/shop.kustom.ch\/fr\/produit\/evita-damen-regenjacken\/","title":{"rendered":"Vestes de pluie pour femmes Evita"},"content":{"rendered":"<p>Evita . Il s'agit d'une veste recycl\u00e9e en PET, tissu ext\u00e9rieur ripstop pour usage intensif, nombreuses poches, capuche d\u00e9tachable, \u00e9quip\u00e9e de la membrane Rukka Tech, imperm\u00e9able (15\u2019000 mm), respirante (5\u2019000). Evita est pr\u00eate pour la temp\u00eate !<\/p>","protected":false},"excerpt":{"rendered":"<p>Evita . Il s'agit d'une veste recycl\u00e9e en PET, tissu ext\u00e9rieur ripstop pour usage intensif, nombreuses poches, capuche d\u00e9tachable, \u00e9quip\u00e9e de la membrane Rukka Tech, imperm\u00e9able (15\u2019000 mm), respirante (5\u2019000). Evita est pr\u00eate pour la temp\u00eate !<\/p>","protected":false},"featured_media":730052,"template":"","meta":[],"product_brand":[],"product_cat":[4186],"product_tag":[],"class_list":{"0":"post-729991","1":"product","2":"type-product","3":"status-publish","4":"has-post-thumbnail","6":"product_cat-jacken","7":"pa_brand-rukka","8":"pa_brand-type-workwear","9":"pa_filter-color-blau","10":"pa_filter-color-rot","11":"pa_filter-color-schwarz","13":"first","14":"instock","15":"taxable","16":"shipping-taxable","17":"purchasable","18":"product-type-variable","19":"add-to-wishlist-before_image"},"exclude_global_add_ons":[],"addons":[],"acf":[],"_links":{"self":[{"href":"https:\/\/shop.kustom.ch\/fr\/wp-json\/wp\/v2\/product\/729991"}],"collection":[{"href":"https:\/\/shop.kustom.ch\/fr\/wp-json\/wp\/v2\/product"}],"about":[{"href":"https:\/\/shop.kustom.ch\/fr\/wp-json\/wp\/v2\/types\/product"}],"wp:featuredmedia":[{"embeddable":true,"href":"https:\/\/shop.kustom.ch\/fr\/wp-json\/wp\/v2\/media\/730052"}],"wp:attachment":[{"href":"https:\/\/shop.kustom.ch\/fr\/wp-json\/wp\/v2\/media?parent=729991"}],"wp:term":[{"taxonomy":"product_brand","embeddable":true,"href":"https:\/\/shop.kustom.ch\/fr\/wp-json\/wp\/v2\/product_brand?post=729991"},{"taxonomy":"product_cat","embeddable":true,"href":"https:\/\/shop.kustom.ch\/fr\/wp-json\/wp\/v2\/product_cat?post=729991"},{"taxonomy":"product_tag","embeddable":true,"href":"https:\/\/shop.kustom.ch\/fr\/wp-json\/wp\/v2\/product_tag?post=729991"}],"curies":[{"name":"wp","href":"https:\/\/api.w.org\/{rel}","templated":true}]}}