{"id":729877,"date":"2026-04-01T20:13:07","date_gmt":"2026-04-01T19:13:07","guid":{"rendered":"https:\/\/shop.kustom.ch\/?post_type=product&#038;p=729877"},"modified":"2026-04-01T20:15:45","modified_gmt":"2026-04-01T19:15:45","slug":"eva-kinder-regenponcho","status":"publish","type":"product","link":"https:\/\/shop.kustom.ch\/fr\/produit\/eva-kinder-regenponcho\/","title":{"rendered":"Poncho de pluie Eva pour enfants"},"content":{"rendered":"<p>Eva . Pour les enfants plus grands, mat\u00e9riau ultral\u00e9ger, imperm\u00e9able et coupe-vent, id\u00e9al pour les d\u00e9placements, les concerts en plein air et les cin\u00e9mas, les randonn\u00e9es, capuche fixe. Longueur du dos 83 cm, longueur du devant 81 cm. Pas de droit d'\u00e9change ou de retour.<\/p>","protected":false},"excerpt":{"rendered":"<p>Eva . Pour les enfants plus grands, mat\u00e9riau ultral\u00e9ger, imperm\u00e9able et coupe-vent, id\u00e9al pour les d\u00e9placements, les concerts en plein air et les cin\u00e9mas, les randonn\u00e9es, capuche fixe. Longueur du dos 83 cm, longueur du devant 81 cm. Pas de droit d'\u00e9change ou de retour.<\/p>","protected":false},"featured_media":729935,"template":"","meta":[],"product_brand":[],"product_cat":[4186],"product_tag":[],"class_list":{"0":"post-729877","1":"product","2":"type-product","3":"status-publish","4":"has-post-thumbnail","6":"product_cat-jacken","7":"pa_brand-rukka","8":"pa_brand-type-workwear","9":"pa_filter-color-blau","10":"pa_filter-color-gelb","11":"pa_filter-color-gruen","12":"pa_filter-color-violet","14":"first","15":"instock","16":"taxable","17":"shipping-taxable","18":"purchasable","19":"product-type-variable","20":"add-to-wishlist-before_image"},"exclude_global_add_ons":[],"addons":[],"acf":[],"_links":{"self":[{"href":"https:\/\/shop.kustom.ch\/fr\/wp-json\/wp\/v2\/product\/729877"}],"collection":[{"href":"https:\/\/shop.kustom.ch\/fr\/wp-json\/wp\/v2\/product"}],"about":[{"href":"https:\/\/shop.kustom.ch\/fr\/wp-json\/wp\/v2\/types\/product"}],"wp:featuredmedia":[{"embeddable":true,"href":"https:\/\/shop.kustom.ch\/fr\/wp-json\/wp\/v2\/media\/729935"}],"wp:attachment":[{"href":"https:\/\/shop.kustom.ch\/fr\/wp-json\/wp\/v2\/media?parent=729877"}],"wp:term":[{"taxonomy":"product_brand","embeddable":true,"href":"https:\/\/shop.kustom.ch\/fr\/wp-json\/wp\/v2\/product_brand?post=729877"},{"taxonomy":"product_cat","embeddable":true,"href":"https:\/\/shop.kustom.ch\/fr\/wp-json\/wp\/v2\/product_cat?post=729877"},{"taxonomy":"product_tag","embeddable":true,"href":"https:\/\/shop.kustom.ch\/fr\/wp-json\/wp\/v2\/product_tag?post=729877"}],"curies":[{"name":"wp","href":"https:\/\/api.w.org\/{rel}","templated":true}]}}