{"id":729849,"date":"2026-04-01T20:12:39","date_gmt":"2026-04-01T19:12:39","guid":{"rendered":"https:\/\/shop.kustom.ch\/?post_type=product&#038;p=729849"},"modified":"2026-04-01T20:14:22","modified_gmt":"2026-04-01T19:14:22","slug":"river-reflective-poncho","status":"publish","type":"product","link":"https:\/\/shop.kustom.ch\/fr\/produit\/river-reflective-poncho\/","title":{"rendered":"Poncho r\u00e9fl\u00e9chissant River"},"content":{"rendered":"<p>River. La couleur 904 navy poss\u00e8de une grande surface r\u00e9fl\u00e9chissante sur les \u00e9paules et les manches, ce qui permet d'\u00eatre visible de loin lorsqu'une source de lumi\u00e8re frappe le poncho. La couleur 629 a une grande surface fluorescente qui n'est pas seulement bien visible la nuit, mais qui assure aussi une bonne visibilit\u00e9 de jour.<\/p>","protected":false},"excerpt":{"rendered":"<p>River. Der grossz\u00fcgige Poncho sch\u00fctzt super vor Wind und Wetter und macht dich gleichzeitig sichtbar.Die Farbe 904 navy hat eine gross reflektierende Fl\u00e4che \u00fcber Schultern und \u00c4rmeln, sodass man schon von weitem sichtbar wird wenn eine Lichtquelle auf den Poncho trifft. Die Farbe 629 hat eine gross fluoreszierende Fl\u00e4che die nicht nur in der Nacht [&hellip;]<\/p>\n","protected":false},"featured_media":729915,"template":"","meta":[],"product_brand":[],"product_cat":[4186],"product_tag":[],"class_list":{"0":"post-729849","1":"product","2":"type-product","3":"status-publish","4":"has-post-thumbnail","6":"product_cat-jacken","7":"pa_brand-rukka","8":"pa_brand-type-workwear","9":"pa_filter-color-blau","10":"pa_filter-color-gelb","12":"first","13":"instock","14":"taxable","15":"shipping-taxable","16":"purchasable","17":"product-type-variable","18":"add-to-wishlist-before_image"},"exclude_global_add_ons":[],"addons":[],"acf":[],"_links":{"self":[{"href":"https:\/\/shop.kustom.ch\/fr\/wp-json\/wp\/v2\/product\/729849"}],"collection":[{"href":"https:\/\/shop.kustom.ch\/fr\/wp-json\/wp\/v2\/product"}],"about":[{"href":"https:\/\/shop.kustom.ch\/fr\/wp-json\/wp\/v2\/types\/product"}],"wp:featuredmedia":[{"embeddable":true,"href":"https:\/\/shop.kustom.ch\/fr\/wp-json\/wp\/v2\/media\/729915"}],"wp:attachment":[{"href":"https:\/\/shop.kustom.ch\/fr\/wp-json\/wp\/v2\/media?parent=729849"}],"wp:term":[{"taxonomy":"product_brand","embeddable":true,"href":"https:\/\/shop.kustom.ch\/fr\/wp-json\/wp\/v2\/product_brand?post=729849"},{"taxonomy":"product_cat","embeddable":true,"href":"https:\/\/shop.kustom.ch\/fr\/wp-json\/wp\/v2\/product_cat?post=729849"},{"taxonomy":"product_tag","embeddable":true,"href":"https:\/\/shop.kustom.ch\/fr\/wp-json\/wp\/v2\/product_tag?post=729849"}],"curies":[{"name":"wp","href":"https:\/\/api.w.org\/{rel}","templated":true}]}}