{"id":729830,"date":"2026-04-01T20:12:13","date_gmt":"2026-04-01T19:12:13","guid":{"rendered":"https:\/\/shop.kustom.ch\/?post_type=product&#038;p=729830"},"modified":"2026-04-01T20:13:56","modified_gmt":"2026-04-01T19:13:56","slug":"lenzervibe-herren-pullover","status":"publish","type":"product","link":"https:\/\/shop.kustom.ch\/fr\/produit\/lenzervibe-herren-pullover\/","title":{"rendered":"Pull pour homme Lenzer'Vibe"},"content":{"rendered":"<p>Lenzer'Vibe pour hommes. Le pull-over Lenzer'Vibe en laine\/cachemire ne donne pas seulement bien chaud sur les pistes, mais il est aussi tr\u00e8s styl\u00e9 pour l'apr\u00e8s-ski. Un must pour tous les fans de Lenzerheide.<\/p>","protected":false},"excerpt":{"rendered":"<p>Lenzer'Vibe pour hommes. Le pull-over Lenzer'Vibe en laine\/cachemire ne donne pas seulement bien chaud sur les pistes, mais il est aussi tr\u00e8s styl\u00e9 pour l'apr\u00e8s-ski. Un must pour tous les fans de Lenzerheide.<\/p>","protected":false},"featured_media":729898,"template":"","meta":[],"product_brand":[],"product_cat":[4184],"product_tag":[],"class_list":{"0":"post-729830","1":"product","2":"type-product","3":"status-publish","4":"has-post-thumbnail","6":"product_cat-hoodies-pullover","7":"pa_brand-rukka","8":"pa_brand-type-workwear","9":"pa_filter-color-blau","10":"pa_filter-color-gruen","12":"first","13":"instock","14":"taxable","15":"shipping-taxable","16":"purchasable","17":"product-type-variable","18":"add-to-wishlist-before_image"},"exclude_global_add_ons":[],"addons":[],"acf":[],"_links":{"self":[{"href":"https:\/\/shop.kustom.ch\/fr\/wp-json\/wp\/v2\/product\/729830"}],"collection":[{"href":"https:\/\/shop.kustom.ch\/fr\/wp-json\/wp\/v2\/product"}],"about":[{"href":"https:\/\/shop.kustom.ch\/fr\/wp-json\/wp\/v2\/types\/product"}],"wp:featuredmedia":[{"embeddable":true,"href":"https:\/\/shop.kustom.ch\/fr\/wp-json\/wp\/v2\/media\/729898"}],"wp:attachment":[{"href":"https:\/\/shop.kustom.ch\/fr\/wp-json\/wp\/v2\/media?parent=729830"}],"wp:term":[{"taxonomy":"product_brand","embeddable":true,"href":"https:\/\/shop.kustom.ch\/fr\/wp-json\/wp\/v2\/product_brand?post=729830"},{"taxonomy":"product_cat","embeddable":true,"href":"https:\/\/shop.kustom.ch\/fr\/wp-json\/wp\/v2\/product_cat?post=729830"},{"taxonomy":"product_tag","embeddable":true,"href":"https:\/\/shop.kustom.ch\/fr\/wp-json\/wp\/v2\/product_tag?post=729830"}],"curies":[{"name":"wp","href":"https:\/\/api.w.org\/{rel}","templated":true}]}}