{"id":729814,"date":"2026-04-01T20:11:43","date_gmt":"2026-04-01T19:11:43","guid":{"rendered":"https:\/\/shop.kustom.ch\/?post_type=product&#038;p=729814"},"modified":"2026-04-01T20:13:32","modified_gmt":"2026-04-01T19:13:32","slug":"splashy-kinder-regenoverall","status":"publish","type":"product","link":"https:\/\/shop.kustom.ch\/fr\/produit\/splashy-kinder-regenoverall\/","title":{"rendered":"Combinaison de pluie Splashy pour enfants"},"content":{"rendered":"<p>Splashy (le petit oiseau). La combinaison de pluie pour enfants r\u00e9sistante aux intemp\u00e9ries, fabriqu\u00e9e en PET recycl\u00e9. Fabriqu\u00e9e sans PFC et avec des renforts aux genoux et aux fesses. Robuste, durable et pr\u00eate pour chaque aventure.<\/p>","protected":false},"excerpt":{"rendered":"<p>Splashy (le petit oiseau). La combinaison de pluie pour enfants r\u00e9sistante aux intemp\u00e9ries, fabriqu\u00e9e en PET recycl\u00e9. Fabriqu\u00e9e sans PFC et avec des renforts aux genoux et aux fesses. Robuste, durable et pr\u00eate pour chaque aventure.<\/p>","protected":false},"featured_media":729884,"template":"","meta":[],"product_brand":[],"product_cat":[4186],"product_tag":[],"class_list":{"0":"post-729814","1":"product","2":"type-product","3":"status-publish","4":"has-post-thumbnail","6":"product_cat-jacken","7":"pa_brand-rukka","8":"pa_brand-type-workwear","9":"pa_filter-color-blau","10":"pa_filter-color-pink","12":"first","13":"instock","14":"taxable","15":"shipping-taxable","16":"purchasable","17":"product-type-variable","18":"add-to-wishlist-before_image"},"exclude_global_add_ons":[],"addons":[],"acf":[],"_links":{"self":[{"href":"https:\/\/shop.kustom.ch\/fr\/wp-json\/wp\/v2\/product\/729814"}],"collection":[{"href":"https:\/\/shop.kustom.ch\/fr\/wp-json\/wp\/v2\/product"}],"about":[{"href":"https:\/\/shop.kustom.ch\/fr\/wp-json\/wp\/v2\/types\/product"}],"wp:featuredmedia":[{"embeddable":true,"href":"https:\/\/shop.kustom.ch\/fr\/wp-json\/wp\/v2\/media\/729884"}],"wp:attachment":[{"href":"https:\/\/shop.kustom.ch\/fr\/wp-json\/wp\/v2\/media?parent=729814"}],"wp:term":[{"taxonomy":"product_brand","embeddable":true,"href":"https:\/\/shop.kustom.ch\/fr\/wp-json\/wp\/v2\/product_brand?post=729814"},{"taxonomy":"product_cat","embeddable":true,"href":"https:\/\/shop.kustom.ch\/fr\/wp-json\/wp\/v2\/product_cat?post=729814"},{"taxonomy":"product_tag","embeddable":true,"href":"https:\/\/shop.kustom.ch\/fr\/wp-json\/wp\/v2\/product_tag?post=729814"}],"curies":[{"name":"wp","href":"https:\/\/api.w.org\/{rel}","templated":true}]}}