{"id":729813,"date":"2026-04-01T20:11:43","date_gmt":"2026-04-01T19:11:43","guid":{"rendered":"https:\/\/shop.kustom.ch\/?post_type=product&#038;p=729813"},"modified":"2026-04-01T20:13:30","modified_gmt":"2026-04-01T19:13:30","slug":"bobby-kinder-regenjacke","status":"publish","type":"product","link":"https:\/\/shop.kustom.ch\/fr\/produit\/bobby-kinder-regenjacke\/","title":{"rendered":"Bobby Veste de pluie pour enfants"},"content":{"rendered":"<p>Bobby . La veste de pluie durable pour enfants en PET recycl\u00e9 avec membrane. R\u00e9sistante aux intemp\u00e9ries, fonctionnelle et fabriqu\u00e9e sans PFC. Pour les petits aventuriers qui ont de grandes ambitions.<\/p>","protected":false},"excerpt":{"rendered":"<p>Bobby . La veste de pluie durable pour enfants en PET recycl\u00e9 avec membrane. R\u00e9sistante aux intemp\u00e9ries, fonctionnelle et fabriqu\u00e9e sans PFC. Pour les petits aventuriers qui ont de grandes ambitions.<\/p>","protected":false},"featured_media":729866,"template":"","meta":[],"product_brand":[],"product_cat":[4186],"product_tag":[],"class_list":{"0":"post-729813","1":"product","2":"type-product","3":"status-publish","4":"has-post-thumbnail","6":"product_cat-jacken","7":"pa_brand-rukka","8":"pa_brand-type-workwear","9":"pa_filter-color-blau","10":"pa_filter-color-orange","12":"first","13":"instock","14":"taxable","15":"shipping-taxable","16":"purchasable","17":"product-type-variable","18":"add-to-wishlist-before_image"},"exclude_global_add_ons":[],"addons":[],"acf":[],"_links":{"self":[{"href":"https:\/\/shop.kustom.ch\/fr\/wp-json\/wp\/v2\/product\/729813"}],"collection":[{"href":"https:\/\/shop.kustom.ch\/fr\/wp-json\/wp\/v2\/product"}],"about":[{"href":"https:\/\/shop.kustom.ch\/fr\/wp-json\/wp\/v2\/types\/product"}],"wp:featuredmedia":[{"embeddable":true,"href":"https:\/\/shop.kustom.ch\/fr\/wp-json\/wp\/v2\/media\/729866"}],"wp:attachment":[{"href":"https:\/\/shop.kustom.ch\/fr\/wp-json\/wp\/v2\/media?parent=729813"}],"wp:term":[{"taxonomy":"product_brand","embeddable":true,"href":"https:\/\/shop.kustom.ch\/fr\/wp-json\/wp\/v2\/product_brand?post=729813"},{"taxonomy":"product_cat","embeddable":true,"href":"https:\/\/shop.kustom.ch\/fr\/wp-json\/wp\/v2\/product_cat?post=729813"},{"taxonomy":"product_tag","embeddable":true,"href":"https:\/\/shop.kustom.ch\/fr\/wp-json\/wp\/v2\/product_tag?post=729813"}],"curies":[{"name":"wp","href":"https:\/\/api.w.org\/{rel}","templated":true}]}}