{"id":729786,"date":"2026-04-01T20:11:17","date_gmt":"2026-04-01T19:11:17","guid":{"rendered":"https:\/\/shop.kustom.ch\/?post_type=product&#038;p=729786"},"modified":"2026-04-01T20:13:00","modified_gmt":"2026-04-01T19:13:00","slug":"jade-kinder-hose","status":"publish","type":"product","link":"https:\/\/shop.kustom.ch\/fr\/produit\/jade-kinder-hose\/","title":{"rendered":"Pantalon Jade pour enfants"},"content":{"rendered":"<p>Jade . Un pantalon de randonn\u00e9e fonctionnel pour enfants - \u00e9lastique, robuste et confortable. Parfait pour les journ\u00e9es actives \u00e0 l'ext\u00e9rieur.<\/p>","protected":false},"excerpt":{"rendered":"<p>Jade . Un pantalon de randonn\u00e9e fonctionnel pour enfants - \u00e9lastique, robuste et confortable. Parfait pour les journ\u00e9es actives \u00e0 l'ext\u00e9rieur.<\/p>","protected":false},"featured_media":729844,"template":"","meta":[],"product_brand":[],"product_cat":[4185],"product_tag":[],"class_list":{"0":"post-729786","1":"product","2":"type-product","3":"status-publish","4":"has-post-thumbnail","6":"product_cat-hosen","7":"pa_brand-rukka","8":"pa_brand-type-workwear","9":"pa_filter-color-grau","10":"pa_filter-color-gruen","12":"first","13":"instock","14":"taxable","15":"shipping-taxable","16":"purchasable","17":"product-type-variable","18":"add-to-wishlist-before_image"},"exclude_global_add_ons":[],"addons":[],"acf":[],"_links":{"self":[{"href":"https:\/\/shop.kustom.ch\/fr\/wp-json\/wp\/v2\/product\/729786"}],"collection":[{"href":"https:\/\/shop.kustom.ch\/fr\/wp-json\/wp\/v2\/product"}],"about":[{"href":"https:\/\/shop.kustom.ch\/fr\/wp-json\/wp\/v2\/types\/product"}],"wp:featuredmedia":[{"embeddable":true,"href":"https:\/\/shop.kustom.ch\/fr\/wp-json\/wp\/v2\/media\/729844"}],"wp:attachment":[{"href":"https:\/\/shop.kustom.ch\/fr\/wp-json\/wp\/v2\/media?parent=729786"}],"wp:term":[{"taxonomy":"product_brand","embeddable":true,"href":"https:\/\/shop.kustom.ch\/fr\/wp-json\/wp\/v2\/product_brand?post=729786"},{"taxonomy":"product_cat","embeddable":true,"href":"https:\/\/shop.kustom.ch\/fr\/wp-json\/wp\/v2\/product_cat?post=729786"},{"taxonomy":"product_tag","embeddable":true,"href":"https:\/\/shop.kustom.ch\/fr\/wp-json\/wp\/v2\/product_tag?post=729786"}],"curies":[{"name":"wp","href":"https:\/\/api.w.org\/{rel}","templated":true}]}}