{"id":729763,"date":"2026-04-01T20:10:46","date_gmt":"2026-04-01T19:10:46","guid":{"rendered":"https:\/\/shop.kustom.ch\/?post_type=product&#038;p=729763"},"modified":"2026-04-01T20:12:33","modified_gmt":"2026-04-01T19:12:33","slug":"marius-kinder-regen-latzhose","status":"publish","type":"product","link":"https:\/\/shop.kustom.ch\/fr\/produit\/marius-kinder-regen-latzhose\/","title":{"rendered":"Salopette de pluie Marius pour enfants"},"content":{"rendered":"<p>Marius . La salopette de pluie pour enfants a \u00e9t\u00e9 d\u00e9velopp\u00e9e en collaboration avec l'\u00e9ducateur forestier Marius Tschirky. Avec des renforts et une peau de chamois extensible pour l'isolation et le confort . Robuste, bien con\u00e7ue et parfaite pour la for\u00eat.<\/p>","protected":false},"excerpt":{"rendered":"<p>Marius . La salopette de pluie pour enfants a \u00e9t\u00e9 d\u00e9velopp\u00e9e en collaboration avec l'\u00e9ducateur forestier Marius Tschirky. Avec des renforts et une peau de chamois extensible pour l'isolation et le confort . Robuste, bien con\u00e7ue et parfaite pour la for\u00eat.<\/p>","protected":false},"featured_media":729829,"template":"","meta":[],"product_brand":[],"product_cat":[4185],"product_tag":[],"class_list":{"0":"post-729763","1":"product","2":"type-product","3":"status-publish","4":"has-post-thumbnail","6":"product_cat-hosen","7":"pa_brand-rukka","8":"pa_brand-type-workwear","9":"pa_filter-color-blau","10":"pa_filter-color-rot","12":"first","13":"instock","14":"taxable","15":"shipping-taxable","16":"purchasable","17":"product-type-variable","18":"add-to-wishlist-before_image"},"exclude_global_add_ons":[],"addons":[],"acf":[],"_links":{"self":[{"href":"https:\/\/shop.kustom.ch\/fr\/wp-json\/wp\/v2\/product\/729763"}],"collection":[{"href":"https:\/\/shop.kustom.ch\/fr\/wp-json\/wp\/v2\/product"}],"about":[{"href":"https:\/\/shop.kustom.ch\/fr\/wp-json\/wp\/v2\/types\/product"}],"wp:featuredmedia":[{"embeddable":true,"href":"https:\/\/shop.kustom.ch\/fr\/wp-json\/wp\/v2\/media\/729829"}],"wp:attachment":[{"href":"https:\/\/shop.kustom.ch\/fr\/wp-json\/wp\/v2\/media?parent=729763"}],"wp:term":[{"taxonomy":"product_brand","embeddable":true,"href":"https:\/\/shop.kustom.ch\/fr\/wp-json\/wp\/v2\/product_brand?post=729763"},{"taxonomy":"product_cat","embeddable":true,"href":"https:\/\/shop.kustom.ch\/fr\/wp-json\/wp\/v2\/product_cat?post=729763"},{"taxonomy":"product_tag","embeddable":true,"href":"https:\/\/shop.kustom.ch\/fr\/wp-json\/wp\/v2\/product_tag?post=729763"}],"curies":[{"name":"wp","href":"https:\/\/api.w.org\/{rel}","templated":true}]}}