{"id":729718,"date":"2026-04-01T20:09:49","date_gmt":"2026-04-01T19:09:49","guid":{"rendered":"https:\/\/shop.kustom.ch\/?post_type=product&#038;p=729718"},"modified":"2026-04-01T20:11:37","modified_gmt":"2026-04-01T19:11:37","slug":"wilma-kinder-fleece-hemd-jacke","status":"publish","type":"product","link":"https:\/\/shop.kustom.ch\/fr\/produit\/wilma-kinder-fleece-hemd-jacke\/","title":{"rendered":"Chemise-veste en polaire Wilma pour enfants"},"content":{"rendered":"<p>Wilma . La chemise en polaire avec un l\u00e9ger rembourrage est parfaite comme veste de transition pour le quotidien - m\u00eame pour les journ\u00e9es d'automne plus fra\u00eeches. Un accroche-regard cool avec un caract\u00e8re fonctionnel.<\/p>","protected":false},"excerpt":{"rendered":"<p>Wilma . La chemise en polaire avec un l\u00e9ger rembourrage est parfaite comme veste de transition pour le quotidien - m\u00eame pour les journ\u00e9es d'automne plus fra\u00eeches. Un accroche-regard cool avec un caract\u00e8re fonctionnel.<\/p>","protected":false},"featured_media":729777,"template":"","meta":[],"product_brand":[],"product_cat":[9874],"product_tag":[],"class_list":{"0":"post-729718","1":"product","2":"type-product","3":"status-publish","4":"has-post-thumbnail","6":"product_cat-hemden","7":"pa_brand-rukka","8":"pa_brand-type-workwear","9":"pa_filter-color-blau","10":"pa_filter-color-braun","12":"first","13":"instock","14":"taxable","15":"shipping-taxable","16":"purchasable","17":"product-type-variable","18":"add-to-wishlist-before_image"},"exclude_global_add_ons":[],"addons":[],"acf":[],"_links":{"self":[{"href":"https:\/\/shop.kustom.ch\/fr\/wp-json\/wp\/v2\/product\/729718"}],"collection":[{"href":"https:\/\/shop.kustom.ch\/fr\/wp-json\/wp\/v2\/product"}],"about":[{"href":"https:\/\/shop.kustom.ch\/fr\/wp-json\/wp\/v2\/types\/product"}],"wp:featuredmedia":[{"embeddable":true,"href":"https:\/\/shop.kustom.ch\/fr\/wp-json\/wp\/v2\/media\/729777"}],"wp:attachment":[{"href":"https:\/\/shop.kustom.ch\/fr\/wp-json\/wp\/v2\/media?parent=729718"}],"wp:term":[{"taxonomy":"product_brand","embeddable":true,"href":"https:\/\/shop.kustom.ch\/fr\/wp-json\/wp\/v2\/product_brand?post=729718"},{"taxonomy":"product_cat","embeddable":true,"href":"https:\/\/shop.kustom.ch\/fr\/wp-json\/wp\/v2\/product_cat?post=729718"},{"taxonomy":"product_tag","embeddable":true,"href":"https:\/\/shop.kustom.ch\/fr\/wp-json\/wp\/v2\/product_tag?post=729718"}],"curies":[{"name":"wp","href":"https:\/\/api.w.org\/{rel}","templated":true}]}}