{"id":729717,"date":"2026-04-01T20:09:49","date_gmt":"2026-04-01T19:09:49","guid":{"rendered":"https:\/\/shop.kustom.ch\/?post_type=product&#038;p=729717"},"modified":"2026-04-01T20:11:11","modified_gmt":"2026-04-01T19:11:11","slug":"gordi-kinder-fleece-hemd-jacke","status":"publish","type":"product","link":"https:\/\/shop.kustom.ch\/fr\/produit\/gordi-kinder-fleece-hemd-jacke\/","title":{"rendered":"Gordi Enfants Chemise-Veste en polaire"},"content":{"rendered":"<p>La chemise Gordi. La cool chemise en velours c\u00f4tel\u00e9 avec un l\u00e9ger rembourrage peut \u00e9galement \u00eatre port\u00e9e comme veste - styl\u00e9e, polyvalente et id\u00e9ale pour un look quotidien d\u00e9contract\u00e9.<\/p>","protected":false},"excerpt":{"rendered":"<p>La chemise Gordi. La cool chemise en velours c\u00f4tel\u00e9 avec un l\u00e9ger rembourrage peut \u00e9galement \u00eatre port\u00e9e comme veste - styl\u00e9e, polyvalente et id\u00e9ale pour un look quotidien d\u00e9contract\u00e9.<\/p>","protected":false},"featured_media":729761,"template":"","meta":[],"product_brand":[],"product_cat":[9874],"product_tag":[],"class_list":{"0":"post-729717","1":"product","2":"type-product","3":"status-publish","4":"has-post-thumbnail","6":"product_cat-hemden","7":"pa_brand-rukka","8":"pa_brand-type-workwear","9":"pa_filter-color-gelb","10":"pa_filter-color-gruen","12":"first","13":"instock","14":"taxable","15":"shipping-taxable","16":"purchasable","17":"product-type-variable","18":"add-to-wishlist-before_image"},"exclude_global_add_ons":[],"addons":[],"acf":[],"_links":{"self":[{"href":"https:\/\/shop.kustom.ch\/fr\/wp-json\/wp\/v2\/product\/729717"}],"collection":[{"href":"https:\/\/shop.kustom.ch\/fr\/wp-json\/wp\/v2\/product"}],"about":[{"href":"https:\/\/shop.kustom.ch\/fr\/wp-json\/wp\/v2\/types\/product"}],"wp:featuredmedia":[{"embeddable":true,"href":"https:\/\/shop.kustom.ch\/fr\/wp-json\/wp\/v2\/media\/729761"}],"wp:attachment":[{"href":"https:\/\/shop.kustom.ch\/fr\/wp-json\/wp\/v2\/media?parent=729717"}],"wp:term":[{"taxonomy":"product_brand","embeddable":true,"href":"https:\/\/shop.kustom.ch\/fr\/wp-json\/wp\/v2\/product_brand?post=729717"},{"taxonomy":"product_cat","embeddable":true,"href":"https:\/\/shop.kustom.ch\/fr\/wp-json\/wp\/v2\/product_cat?post=729717"},{"taxonomy":"product_tag","embeddable":true,"href":"https:\/\/shop.kustom.ch\/fr\/wp-json\/wp\/v2\/product_tag?post=729717"}],"curies":[{"name":"wp","href":"https:\/\/api.w.org\/{rel}","templated":true}]}}