{"id":729663,"date":"2026-04-01T20:08:55","date_gmt":"2026-04-01T19:08:55","guid":{"rendered":"https:\/\/shop.kustom.ch\/?post_type=product&#038;p=729663"},"modified":"2026-04-01T20:10:18","modified_gmt":"2026-04-01T19:10:18","slug":"ella-kinder-winterparka","status":"publish","type":"product","link":"https:\/\/shop.kustom.ch\/fr\/produit\/ella-kinder-winterparka\/","title":{"rendered":"Parka d'hiver pour enfants Ella"},"content":{"rendered":"<p>Ella . Cet \u00e9l\u00e9gant manteau d'hiver long est r\u00e9sistant aux intemp\u00e9ries gr\u00e2ce \u00e0 sa membrane int\u00e9gr\u00e9e 100 %. Avec son rembourrage No-Down de 120 g\/m\u00b2, il offre une chaleur fiable - parfait pour les jours d'hiver froids et humides.<\/p>","protected":false},"excerpt":{"rendered":"<p>Ella . Cet \u00e9l\u00e9gant manteau d'hiver long est r\u00e9sistant aux intemp\u00e9ries gr\u00e2ce \u00e0 sa membrane int\u00e9gr\u00e9e 100 %. Avec son rembourrage No-Down de 120 g\/m\u00b2, il offre une chaleur fiable - parfait pour les jours d'hiver froids et humides.<\/p>","protected":false},"featured_media":729726,"template":"","meta":[],"product_brand":[],"product_cat":[4186],"product_tag":[],"class_list":{"0":"post-729663","1":"product","2":"type-product","3":"status-publish","4":"has-post-thumbnail","6":"product_cat-jacken","7":"pa_brand-rukka","8":"pa_brand-type-workwear","9":"pa_filter-color-blau","10":"pa_filter-color-gruen","12":"first","13":"instock","14":"taxable","15":"shipping-taxable","16":"purchasable","17":"product-type-variable","18":"add-to-wishlist-before_image"},"exclude_global_add_ons":[],"addons":[],"acf":[],"_links":{"self":[{"href":"https:\/\/shop.kustom.ch\/fr\/wp-json\/wp\/v2\/product\/729663"}],"collection":[{"href":"https:\/\/shop.kustom.ch\/fr\/wp-json\/wp\/v2\/product"}],"about":[{"href":"https:\/\/shop.kustom.ch\/fr\/wp-json\/wp\/v2\/types\/product"}],"wp:featuredmedia":[{"embeddable":true,"href":"https:\/\/shop.kustom.ch\/fr\/wp-json\/wp\/v2\/media\/729726"}],"wp:attachment":[{"href":"https:\/\/shop.kustom.ch\/fr\/wp-json\/wp\/v2\/media?parent=729663"}],"wp:term":[{"taxonomy":"product_brand","embeddable":true,"href":"https:\/\/shop.kustom.ch\/fr\/wp-json\/wp\/v2\/product_brand?post=729663"},{"taxonomy":"product_cat","embeddable":true,"href":"https:\/\/shop.kustom.ch\/fr\/wp-json\/wp\/v2\/product_cat?post=729663"},{"taxonomy":"product_tag","embeddable":true,"href":"https:\/\/shop.kustom.ch\/fr\/wp-json\/wp\/v2\/product_tag?post=729663"}],"curies":[{"name":"wp","href":"https:\/\/api.w.org\/{rel}","templated":true}]}}