{"id":729648,"date":"2026-04-01T20:08:28","date_gmt":"2026-04-01T19:08:28","guid":{"rendered":"https:\/\/shop.kustom.ch\/?post_type=product&#038;p=729648"},"modified":"2026-04-01T20:10:15","modified_gmt":"2026-04-01T19:10:15","slug":"yumi-kinder-ski-snowanorak","status":"publish","type":"product","link":"https:\/\/shop.kustom.ch\/fr\/produit\/yumi-kinder-ski-snowanorak\/","title":{"rendered":"Yumi Enfants Ski Snowanorak"},"content":{"rendered":"<p>Le mod\u00e8le Yumi. Ce beau sweat \u00e0 capuche dispose d'une membrane r\u00e9sistante aux intemp\u00e9ries avec une colonne d'eau de 10\u2019000 mm et est en m\u00eame temps respirant. Le rembourrage no-down agr\u00e9ablement chaud prot\u00e8ge du vent et du froid. Un beau compagnon fonctionnel pour les pistes de ski et autres activit\u00e9s hivernales.<\/p>","protected":false},"excerpt":{"rendered":"<p>Le mod\u00e8le Yumi. Ce beau sweat \u00e0 capuche dispose d'une membrane r\u00e9sistante aux intemp\u00e9ries avec une colonne d'eau de 10\u2019000 mm et est en m\u00eame temps respirant. Le rembourrage no-down agr\u00e9ablement chaud prot\u00e8ge du vent et du froid. Un beau compagnon fonctionnel pour les pistes de ski et autres activit\u00e9s hivernales.<\/p>","protected":false},"featured_media":729706,"template":"","meta":[],"product_brand":[],"product_cat":[4184],"product_tag":[],"class_list":{"0":"post-729648","1":"product","2":"type-product","3":"status-publish","4":"has-post-thumbnail","6":"product_cat-hoodies-pullover","7":"pa_brand-rukka","8":"pa_brand-type-workwear","9":"pa_filter-color-braun","10":"pa_filter-color-violet","12":"first","13":"instock","14":"taxable","15":"shipping-taxable","16":"purchasable","17":"product-type-variable","18":"add-to-wishlist-before_image"},"exclude_global_add_ons":[],"addons":[],"acf":[],"_links":{"self":[{"href":"https:\/\/shop.kustom.ch\/fr\/wp-json\/wp\/v2\/product\/729648"}],"collection":[{"href":"https:\/\/shop.kustom.ch\/fr\/wp-json\/wp\/v2\/product"}],"about":[{"href":"https:\/\/shop.kustom.ch\/fr\/wp-json\/wp\/v2\/types\/product"}],"wp:featuredmedia":[{"embeddable":true,"href":"https:\/\/shop.kustom.ch\/fr\/wp-json\/wp\/v2\/media\/729706"}],"wp:attachment":[{"href":"https:\/\/shop.kustom.ch\/fr\/wp-json\/wp\/v2\/media?parent=729648"}],"wp:term":[{"taxonomy":"product_brand","embeddable":true,"href":"https:\/\/shop.kustom.ch\/fr\/wp-json\/wp\/v2\/product_brand?post=729648"},{"taxonomy":"product_cat","embeddable":true,"href":"https:\/\/shop.kustom.ch\/fr\/wp-json\/wp\/v2\/product_cat?post=729648"},{"taxonomy":"product_tag","embeddable":true,"href":"https:\/\/shop.kustom.ch\/fr\/wp-json\/wp\/v2\/product_tag?post=729648"}],"curies":[{"name":"wp","href":"https:\/\/api.w.org\/{rel}","templated":true}]}}