{"id":729586,"date":"2026-04-01T20:07:26","date_gmt":"2026-04-01T19:07:26","guid":{"rendered":"https:\/\/shop.kustom.ch\/?post_type=product&#038;p=729586"},"modified":"2026-04-01T20:08:48","modified_gmt":"2026-04-01T19:08:48","slug":"sita-kinder-regenjacke","status":"publish","type":"product","link":"https:\/\/shop.kustom.ch\/fr\/produit\/sita-kinder-regenjacke\/","title":{"rendered":"Veste de pluie pour enfants Sita"},"content":{"rendered":"<p>Sita est une veste de pluie. Cette veste de pluie un peu plus longue n'est pas seulement \u00e9l\u00e9gante, elle prot\u00e8ge aussi parfaitement du vent et des intemp\u00e9ries car elle est absolument r\u00e9sistante aux intemp\u00e9ries.<\/p>","protected":false},"excerpt":{"rendered":"<p>Sita est une veste de pluie. Cette veste de pluie un peu plus longue n'est pas seulement \u00e9l\u00e9gante, elle prot\u00e8ge aussi parfaitement du vent et des intemp\u00e9ries car elle est absolument r\u00e9sistante aux intemp\u00e9ries.<\/p>","protected":false},"featured_media":729634,"template":"","meta":[],"product_brand":[],"product_cat":[4186],"product_tag":[],"class_list":{"0":"post-729586","1":"product","2":"type-product","3":"status-publish","4":"has-post-thumbnail","6":"product_cat-jacken","7":"pa_brand-rukka","8":"pa_brand-type-workwear","9":"pa_filter-color-blau","10":"pa_filter-color-braun","11":"pa_filter-color-pink","13":"first","14":"instock","15":"taxable","16":"shipping-taxable","17":"purchasable","18":"product-type-variable","19":"add-to-wishlist-before_image"},"exclude_global_add_ons":[],"addons":[],"acf":[],"_links":{"self":[{"href":"https:\/\/shop.kustom.ch\/fr\/wp-json\/wp\/v2\/product\/729586"}],"collection":[{"href":"https:\/\/shop.kustom.ch\/fr\/wp-json\/wp\/v2\/product"}],"about":[{"href":"https:\/\/shop.kustom.ch\/fr\/wp-json\/wp\/v2\/types\/product"}],"wp:featuredmedia":[{"embeddable":true,"href":"https:\/\/shop.kustom.ch\/fr\/wp-json\/wp\/v2\/media\/729634"}],"wp:attachment":[{"href":"https:\/\/shop.kustom.ch\/fr\/wp-json\/wp\/v2\/media?parent=729586"}],"wp:term":[{"taxonomy":"product_brand","embeddable":true,"href":"https:\/\/shop.kustom.ch\/fr\/wp-json\/wp\/v2\/product_brand?post=729586"},{"taxonomy":"product_cat","embeddable":true,"href":"https:\/\/shop.kustom.ch\/fr\/wp-json\/wp\/v2\/product_cat?post=729586"},{"taxonomy":"product_tag","embeddable":true,"href":"https:\/\/shop.kustom.ch\/fr\/wp-json\/wp\/v2\/product_tag?post=729586"}],"curies":[{"name":"wp","href":"https:\/\/api.w.org\/{rel}","templated":true}]}}