{"id":729564,"date":"2026-04-01T20:06:59","date_gmt":"2026-04-01T19:06:59","guid":{"rendered":"https:\/\/shop.kustom.ch\/?post_type=product&#038;p=729564"},"modified":"2026-04-01T20:08:20","modified_gmt":"2026-04-01T19:08:20","slug":"tiam-kinder-regenhose","status":"publish","type":"product","link":"https:\/\/shop.kustom.ch\/fr\/produit\/tiam-kinder-regenhose\/","title":{"rendered":"Tiam pantalon de pluie pour enfants"},"content":{"rendered":"<p>Tiam. Le pantalon de pluie pliable se range de mani\u00e8re compacte et est ainsi toujours \u00e0 port\u00e9e de main lorsque l'on en a besoin.<\/p>","protected":false},"excerpt":{"rendered":"<p>Tiam. Le pantalon de pluie pliable se range de mani\u00e8re compacte et est ainsi toujours \u00e0 port\u00e9e de main lorsque l'on en a besoin.<\/p>","protected":false},"featured_media":729623,"template":"","meta":[],"product_brand":[],"product_cat":[4185],"product_tag":[],"class_list":{"0":"post-729564","1":"product","2":"type-product","3":"status-publish","4":"has-post-thumbnail","6":"product_cat-hosen","7":"pa_brand-rukka","8":"pa_brand-type-workwear","9":"pa_filter-color-schwarz","11":"first","12":"instock","13":"taxable","14":"shipping-taxable","15":"purchasable","16":"product-type-variable","17":"add-to-wishlist-before_image"},"exclude_global_add_ons":[],"addons":[],"acf":[],"_links":{"self":[{"href":"https:\/\/shop.kustom.ch\/fr\/wp-json\/wp\/v2\/product\/729564"}],"collection":[{"href":"https:\/\/shop.kustom.ch\/fr\/wp-json\/wp\/v2\/product"}],"about":[{"href":"https:\/\/shop.kustom.ch\/fr\/wp-json\/wp\/v2\/types\/product"}],"wp:featuredmedia":[{"embeddable":true,"href":"https:\/\/shop.kustom.ch\/fr\/wp-json\/wp\/v2\/media\/729623"}],"wp:attachment":[{"href":"https:\/\/shop.kustom.ch\/fr\/wp-json\/wp\/v2\/media?parent=729564"}],"wp:term":[{"taxonomy":"product_brand","embeddable":true,"href":"https:\/\/shop.kustom.ch\/fr\/wp-json\/wp\/v2\/product_brand?post=729564"},{"taxonomy":"product_cat","embeddable":true,"href":"https:\/\/shop.kustom.ch\/fr\/wp-json\/wp\/v2\/product_cat?post=729564"},{"taxonomy":"product_tag","embeddable":true,"href":"https:\/\/shop.kustom.ch\/fr\/wp-json\/wp\/v2\/product_tag?post=729564"}],"curies":[{"name":"wp","href":"https:\/\/api.w.org\/{rel}","templated":true}]}}