{"id":729536,"date":"2026-04-01T20:06:33","date_gmt":"2026-04-01T19:06:33","guid":{"rendered":"https:\/\/shop.kustom.ch\/?post_type=product&#038;p=729536"},"modified":"2026-04-01T20:07:52","modified_gmt":"2026-04-01T19:07:52","slug":"vida-kinder-steppjacke","status":"publish","type":"product","link":"https:\/\/shop.kustom.ch\/fr\/produit\/vida-kinder-steppjacke\/","title":{"rendered":"Vida Veste matelass\u00e9e pour enfants"},"content":{"rendered":"<p>Vida, la veste de sport. La veste matelass\u00e9e pas comme les autres. Simple \u00e0 l'ext\u00e9rieur et matelass\u00e9e \u00e0 l'int\u00e9rieur, elle acquiert un tout nouveau look sans perdre sa l\u00e9g\u00e8ret\u00e9 et ses propri\u00e9t\u00e9s chauffantes.<\/p>","protected":false},"excerpt":{"rendered":"<p>Vida, la veste de sport. La veste matelass\u00e9e pas comme les autres. Simple \u00e0 l'ext\u00e9rieur et matelass\u00e9e \u00e0 l'int\u00e9rieur, elle acquiert un tout nouveau look sans perdre sa l\u00e9g\u00e8ret\u00e9 et ses propri\u00e9t\u00e9s chauffantes.<\/p>","protected":false},"featured_media":729582,"template":"","meta":[],"product_brand":[],"product_cat":[4186],"product_tag":[],"class_list":{"0":"post-729536","1":"product","2":"type-product","3":"status-publish","4":"has-post-thumbnail","6":"product_cat-jacken","7":"pa_brand-rukka","8":"pa_brand-type-workwear","9":"pa_filter-color-blau","10":"pa_filter-color-gruen","11":"pa_filter-color-pink","13":"first","14":"instock","15":"taxable","16":"shipping-taxable","17":"purchasable","18":"product-type-variable","19":"add-to-wishlist-before_image"},"exclude_global_add_ons":[],"addons":[],"acf":[],"_links":{"self":[{"href":"https:\/\/shop.kustom.ch\/fr\/wp-json\/wp\/v2\/product\/729536"}],"collection":[{"href":"https:\/\/shop.kustom.ch\/fr\/wp-json\/wp\/v2\/product"}],"about":[{"href":"https:\/\/shop.kustom.ch\/fr\/wp-json\/wp\/v2\/types\/product"}],"wp:featuredmedia":[{"embeddable":true,"href":"https:\/\/shop.kustom.ch\/fr\/wp-json\/wp\/v2\/media\/729582"}],"wp:attachment":[{"href":"https:\/\/shop.kustom.ch\/fr\/wp-json\/wp\/v2\/media?parent=729536"}],"wp:term":[{"taxonomy":"product_brand","embeddable":true,"href":"https:\/\/shop.kustom.ch\/fr\/wp-json\/wp\/v2\/product_brand?post=729536"},{"taxonomy":"product_cat","embeddable":true,"href":"https:\/\/shop.kustom.ch\/fr\/wp-json\/wp\/v2\/product_cat?post=729536"},{"taxonomy":"product_tag","embeddable":true,"href":"https:\/\/shop.kustom.ch\/fr\/wp-json\/wp\/v2\/product_tag?post=729536"}],"curies":[{"name":"wp","href":"https:\/\/api.w.org\/{rel}","templated":true}]}}