{"id":729508,"date":"2026-04-01T20:06:03","date_gmt":"2026-04-01T19:06:03","guid":{"rendered":"https:\/\/shop.kustom.ch\/?post_type=product&#038;p=729508"},"modified":"2026-04-01T20:07:19","modified_gmt":"2026-04-01T19:07:19","slug":"rafi-funktions-t-shirt-kinder","status":"publish","type":"product","link":"https:\/\/shop.kustom.ch\/fr\/produit\/rafi-funktions-t-shirt-kinder\/","title":{"rendered":"T-shirt fonctionnel Rafi enfants"},"content":{"rendered":"<p>Rafi. Un t-shirt fonctionnel pour enfants avec un imprim\u00e9 sympa, con\u00e7u par l'artiste saint-gallois Dr\u00fcegg. \u00c9galement absolument facile \u00e0 entretenir et toujours pr\u00eat pour de nouvelles aventures.<\/p>","protected":false},"excerpt":{"rendered":"<p>Rafi. Un t-shirt fonctionnel pour enfants avec un imprim\u00e9 sympa, con\u00e7u par l'artiste saint-gallois Dr\u00fcegg. \u00c9galement absolument facile \u00e0 entretenir et toujours pr\u00eat pour de nouvelles aventures.<\/p>","protected":false},"featured_media":729563,"template":"","meta":[],"product_brand":[],"product_cat":[4201],"product_tag":[],"class_list":{"0":"post-729508","1":"product","2":"type-product","3":"status-publish","4":"has-post-thumbnail","6":"product_cat-t-shirts","7":"pa_brand-rukka","8":"pa_brand-type-workwear","9":"pa_filter-color-blau","10":"pa_filter-color-violet","12":"first","13":"instock","14":"taxable","15":"shipping-taxable","16":"purchasable","17":"product-type-variable","18":"add-to-wishlist-before_image"},"exclude_global_add_ons":[],"addons":[],"acf":[],"_links":{"self":[{"href":"https:\/\/shop.kustom.ch\/fr\/wp-json\/wp\/v2\/product\/729508"}],"collection":[{"href":"https:\/\/shop.kustom.ch\/fr\/wp-json\/wp\/v2\/product"}],"about":[{"href":"https:\/\/shop.kustom.ch\/fr\/wp-json\/wp\/v2\/types\/product"}],"wp:featuredmedia":[{"embeddable":true,"href":"https:\/\/shop.kustom.ch\/fr\/wp-json\/wp\/v2\/media\/729563"}],"wp:attachment":[{"href":"https:\/\/shop.kustom.ch\/fr\/wp-json\/wp\/v2\/media?parent=729508"}],"wp:term":[{"taxonomy":"product_brand","embeddable":true,"href":"https:\/\/shop.kustom.ch\/fr\/wp-json\/wp\/v2\/product_brand?post=729508"},{"taxonomy":"product_cat","embeddable":true,"href":"https:\/\/shop.kustom.ch\/fr\/wp-json\/wp\/v2\/product_cat?post=729508"},{"taxonomy":"product_tag","embeddable":true,"href":"https:\/\/shop.kustom.ch\/fr\/wp-json\/wp\/v2\/product_tag?post=729508"}],"curies":[{"name":"wp","href":"https:\/\/api.w.org\/{rel}","templated":true}]}}