{"id":729381,"date":"2026-04-01T20:03:43","date_gmt":"2026-04-01T19:03:43","guid":{"rendered":"https:\/\/shop.kustom.ch\/?post_type=product&#038;p=729381"},"modified":"2026-04-01T20:05:58","modified_gmt":"2026-04-01T19:05:58","slug":"wynn-kinder-regenjacke","status":"publish","type":"product","link":"https:\/\/shop.kustom.ch\/fr\/produit\/wynn-kinder-regenjacke\/","title":{"rendered":"Veste de pluie pour enfants Wynn"},"content":{"rendered":"<p>Wynn. Ces vestes de pluie sympas ne sont pas seulement destin\u00e9es aux enfants, elles ont aussi \u00e9t\u00e9 con\u00e7ues par eux. Les combinaisons de couleurs uniques proviennent d'un concours de dessin auquel les enfants ont activement particip\u00e9.<\/p>","protected":false},"excerpt":{"rendered":"<p>Wynn. Ces vestes de pluie sympas ne sont pas seulement destin\u00e9es aux enfants, elles ont aussi \u00e9t\u00e9 con\u00e7ues par eux. Les combinaisons de couleurs uniques proviennent d'un concours de dessin auquel les enfants ont activement particip\u00e9.<\/p>","protected":false},"featured_media":729442,"template":"","meta":[],"product_brand":[],"product_cat":[4186],"product_tag":[],"class_list":{"0":"post-729381","1":"product","2":"type-product","3":"status-publish","4":"has-post-thumbnail","6":"product_cat-jacken","7":"pa_brand-rukka","8":"pa_brand-type-workwear","9":"pa_filter-color-braun","10":"pa_filter-color-gelb","11":"pa_filter-color-gruen","12":"pa_filter-color-orange","13":"pa_filter-color-pink","14":"pa_filter-color-rot","15":"pa_filter-color-violet","17":"first","18":"instock","19":"taxable","20":"shipping-taxable","21":"purchasable","22":"product-type-variable","23":"add-to-wishlist-before_image"},"exclude_global_add_ons":[],"addons":[],"acf":[],"_links":{"self":[{"href":"https:\/\/shop.kustom.ch\/fr\/wp-json\/wp\/v2\/product\/729381"}],"collection":[{"href":"https:\/\/shop.kustom.ch\/fr\/wp-json\/wp\/v2\/product"}],"about":[{"href":"https:\/\/shop.kustom.ch\/fr\/wp-json\/wp\/v2\/types\/product"}],"wp:featuredmedia":[{"embeddable":true,"href":"https:\/\/shop.kustom.ch\/fr\/wp-json\/wp\/v2\/media\/729442"}],"wp:attachment":[{"href":"https:\/\/shop.kustom.ch\/fr\/wp-json\/wp\/v2\/media?parent=729381"}],"wp:term":[{"taxonomy":"product_brand","embeddable":true,"href":"https:\/\/shop.kustom.ch\/fr\/wp-json\/wp\/v2\/product_brand?post=729381"},{"taxonomy":"product_cat","embeddable":true,"href":"https:\/\/shop.kustom.ch\/fr\/wp-json\/wp\/v2\/product_cat?post=729381"},{"taxonomy":"product_tag","embeddable":true,"href":"https:\/\/shop.kustom.ch\/fr\/wp-json\/wp\/v2\/product_tag?post=729381"}],"curies":[{"name":"wp","href":"https:\/\/api.w.org\/{rel}","templated":true}]}}