{"id":729332,"date":"2026-04-01T20:02:49","date_gmt":"2026-04-01T19:02:49","guid":{"rendered":"https:\/\/shop.kustom.ch\/?post_type=product&#038;p=729332"},"modified":"2026-04-01T20:04:33","modified_gmt":"2026-04-01T19:04:33","slug":"marlo-kinder-skijacke","status":"publish","type":"product","link":"https:\/\/shop.kustom.ch\/fr\/produit\/marlo-kinder-skijacke\/","title":{"rendered":"Marlo Veste de ski pour enfants"},"content":{"rendered":"<p>Marlo . Cette veste d'hiver est doubl\u00e9e d'une chaude doublure en sherpa qui, en plus d'\u00eatre cool, prot\u00e8ge parfaitement du froid.<\/p>","protected":false},"excerpt":{"rendered":"<p>Marlo . Cette veste d'hiver est doubl\u00e9e d'une chaude doublure en sherpa qui, en plus d'\u00eatre cool, prot\u00e8ge parfaitement du froid.<\/p>","protected":false},"featured_media":729391,"template":"","meta":[],"product_brand":[],"product_cat":[4186],"product_tag":[],"class_list":{"0":"post-729332","1":"product","2":"type-product","3":"status-publish","4":"has-post-thumbnail","6":"product_cat-jacken","7":"pa_brand-rukka","8":"pa_brand-type-workwear","9":"pa_filter-color-blau","10":"pa_filter-color-schwarz","12":"first","13":"instock","14":"taxable","15":"shipping-taxable","16":"purchasable","17":"product-type-variable","18":"add-to-wishlist-before_image"},"exclude_global_add_ons":[],"addons":[],"acf":[],"_links":{"self":[{"href":"https:\/\/shop.kustom.ch\/fr\/wp-json\/wp\/v2\/product\/729332"}],"collection":[{"href":"https:\/\/shop.kustom.ch\/fr\/wp-json\/wp\/v2\/product"}],"about":[{"href":"https:\/\/shop.kustom.ch\/fr\/wp-json\/wp\/v2\/types\/product"}],"wp:featuredmedia":[{"embeddable":true,"href":"https:\/\/shop.kustom.ch\/fr\/wp-json\/wp\/v2\/media\/729391"}],"wp:attachment":[{"href":"https:\/\/shop.kustom.ch\/fr\/wp-json\/wp\/v2\/media?parent=729332"}],"wp:term":[{"taxonomy":"product_brand","embeddable":true,"href":"https:\/\/shop.kustom.ch\/fr\/wp-json\/wp\/v2\/product_brand?post=729332"},{"taxonomy":"product_cat","embeddable":true,"href":"https:\/\/shop.kustom.ch\/fr\/wp-json\/wp\/v2\/product_cat?post=729332"},{"taxonomy":"product_tag","embeddable":true,"href":"https:\/\/shop.kustom.ch\/fr\/wp-json\/wp\/v2\/product_tag?post=729332"}],"curies":[{"name":"wp","href":"https:\/\/api.w.org\/{rel}","templated":true}]}}