{"id":729276,"date":"2026-04-01T20:01:49","date_gmt":"2026-04-01T19:01:49","guid":{"rendered":"https:\/\/shop.kustom.ch\/?post_type=product&#038;p=729276"},"modified":"2026-04-01T20:02:45","modified_gmt":"2026-04-01T19:02:45","slug":"jody-kinder-sherpa-fleece","status":"publish","type":"product","link":"https:\/\/shop.kustom.ch\/fr\/produit\/jody-kinder-sherpa-fleece\/","title":{"rendered":"Jody Enfants Sherpa Fleece"},"content":{"rendered":"<p>Jody . La belle polaire sherpa peut \u00eatre utilis\u00e9e de mani\u00e8re polyvalente, que ce soit comme veste de transition ou comme couche d'isolation sous une veste d'hiver ou de pluie r\u00e9sistante aux intemp\u00e9ries.<\/p>","protected":false},"excerpt":{"rendered":"<p>Jody . La belle polaire sherpa peut \u00eatre utilis\u00e9e de mani\u00e8re polyvalente, que ce soit comme veste de transition ou comme couche d'isolation sous une veste d'hiver ou de pluie r\u00e9sistante aux intemp\u00e9ries.<\/p>","protected":false},"featured_media":729317,"template":"","meta":[],"product_brand":[],"product_cat":[4186],"product_tag":[],"class_list":{"0":"post-729276","1":"product","2":"type-product","3":"status-publish","4":"has-post-thumbnail","6":"product_cat-jacken","7":"pa_brand-rukka","8":"pa_brand-type-workwear","9":"pa_filter-color-blau","10":"pa_filter-color-violet","12":"first","13":"instock","14":"taxable","15":"shipping-taxable","16":"purchasable","17":"product-type-variable","18":"add-to-wishlist-before_image"},"exclude_global_add_ons":[],"addons":[],"acf":[],"_links":{"self":[{"href":"https:\/\/shop.kustom.ch\/fr\/wp-json\/wp\/v2\/product\/729276"}],"collection":[{"href":"https:\/\/shop.kustom.ch\/fr\/wp-json\/wp\/v2\/product"}],"about":[{"href":"https:\/\/shop.kustom.ch\/fr\/wp-json\/wp\/v2\/types\/product"}],"wp:featuredmedia":[{"embeddable":true,"href":"https:\/\/shop.kustom.ch\/fr\/wp-json\/wp\/v2\/media\/729317"}],"wp:attachment":[{"href":"https:\/\/shop.kustom.ch\/fr\/wp-json\/wp\/v2\/media?parent=729276"}],"wp:term":[{"taxonomy":"product_brand","embeddable":true,"href":"https:\/\/shop.kustom.ch\/fr\/wp-json\/wp\/v2\/product_brand?post=729276"},{"taxonomy":"product_cat","embeddable":true,"href":"https:\/\/shop.kustom.ch\/fr\/wp-json\/wp\/v2\/product_cat?post=729276"},{"taxonomy":"product_tag","embeddable":true,"href":"https:\/\/shop.kustom.ch\/fr\/wp-json\/wp\/v2\/product_tag?post=729276"}],"curies":[{"name":"wp","href":"https:\/\/api.w.org\/{rel}","templated":true}]}}