{"id":729249,"date":"2026-04-01T20:01:16","date_gmt":"2026-04-01T19:01:16","guid":{"rendered":"https:\/\/shop.kustom.ch\/?post_type=product&#038;p=729249"},"modified":"2026-04-01T20:02:43","modified_gmt":"2026-04-01T19:02:43","slug":"marley-kinder-winterjacke","status":"publish","type":"product","link":"https:\/\/shop.kustom.ch\/fr\/produit\/marley-kinder-winterjacke\/","title":{"rendered":"Veste d'hiver Marley enfants"},"content":{"rendered":"<p>Marley . La veste matelass\u00e9e chaude avec rembourrage No-down peut \u00e9galement \u00eatre port\u00e9e comme gilet gr\u00e2ce aux manches d\u00e9tachables. Ainsi, on est toujours bien habill\u00e9 pour la saison plus fra\u00eeche comme pour la transition.<\/p>","protected":false},"excerpt":{"rendered":"<p>Marley . La veste matelass\u00e9e chaude avec rembourrage No-down peut \u00e9galement \u00eatre port\u00e9e comme gilet gr\u00e2ce aux manches d\u00e9tachables. Ainsi, on est toujours bien habill\u00e9 pour la saison plus fra\u00eeche comme pour la transition.<\/p>","protected":false},"featured_media":729298,"template":"","meta":[],"product_brand":[],"product_cat":[4186],"product_tag":[],"class_list":{"0":"post-729249","1":"product","2":"type-product","3":"status-publish","4":"has-post-thumbnail","6":"product_cat-jacken","7":"pa_brand-rukka","8":"pa_brand-type-workwear","9":"pa_filter-color-blau","10":"pa_filter-color-rot","12":"first","13":"instock","14":"taxable","15":"shipping-taxable","16":"purchasable","17":"product-type-variable","18":"add-to-wishlist-before_image"},"exclude_global_add_ons":[],"addons":[],"acf":[],"_links":{"self":[{"href":"https:\/\/shop.kustom.ch\/fr\/wp-json\/wp\/v2\/product\/729249"}],"collection":[{"href":"https:\/\/shop.kustom.ch\/fr\/wp-json\/wp\/v2\/product"}],"about":[{"href":"https:\/\/shop.kustom.ch\/fr\/wp-json\/wp\/v2\/types\/product"}],"wp:featuredmedia":[{"embeddable":true,"href":"https:\/\/shop.kustom.ch\/fr\/wp-json\/wp\/v2\/media\/729298"}],"wp:attachment":[{"href":"https:\/\/shop.kustom.ch\/fr\/wp-json\/wp\/v2\/media?parent=729249"}],"wp:term":[{"taxonomy":"product_brand","embeddable":true,"href":"https:\/\/shop.kustom.ch\/fr\/wp-json\/wp\/v2\/product_brand?post=729249"},{"taxonomy":"product_cat","embeddable":true,"href":"https:\/\/shop.kustom.ch\/fr\/wp-json\/wp\/v2\/product_cat?post=729249"},{"taxonomy":"product_tag","embeddable":true,"href":"https:\/\/shop.kustom.ch\/fr\/wp-json\/wp\/v2\/product_tag?post=729249"}],"curies":[{"name":"wp","href":"https:\/\/api.w.org\/{rel}","templated":true}]}}