{"id":729219,"date":"2026-04-01T20:00:48","date_gmt":"2026-04-01T19:00:48","guid":{"rendered":"https:\/\/shop.kustom.ch\/?post_type=product&#038;p=729219"},"modified":"2026-04-01T20:01:44","modified_gmt":"2026-04-01T19:01:44","slug":"ria-kinder-fleece-jacke","status":"publish","type":"product","link":"https:\/\/shop.kustom.ch\/fr\/produit\/ria-kinder-fleece-jacke\/","title":{"rendered":"Ria Veste polaire enfants"},"content":{"rendered":"<p>Ria . Cette veste l\u00e9g\u00e8re en micropolaire peut aussi tr\u00e8s bien \u00eatre port\u00e9e comme couche d'isolation sous une veste r\u00e9sistante aux intemp\u00e9ries.<\/p>","protected":false},"excerpt":{"rendered":"<p>Ria . Cette veste l\u00e9g\u00e8re en micropolaire peut aussi tr\u00e8s bien \u00eatre port\u00e9e comme couche d'isolation sous une veste r\u00e9sistante aux intemp\u00e9ries.<\/p>","protected":false},"featured_media":729266,"template":"","meta":[],"product_brand":[],"product_cat":[4186],"product_tag":[],"class_list":{"0":"post-729219","1":"product","2":"type-product","3":"status-publish","4":"has-post-thumbnail","6":"product_cat-jacken","7":"pa_brand-rukka","8":"pa_brand-type-workwear","9":"pa_filter-color-violet","11":"first","12":"instock","13":"taxable","14":"shipping-taxable","15":"purchasable","16":"product-type-variable","17":"add-to-wishlist-before_image"},"exclude_global_add_ons":[],"addons":[],"acf":[],"_links":{"self":[{"href":"https:\/\/shop.kustom.ch\/fr\/wp-json\/wp\/v2\/product\/729219"}],"collection":[{"href":"https:\/\/shop.kustom.ch\/fr\/wp-json\/wp\/v2\/product"}],"about":[{"href":"https:\/\/shop.kustom.ch\/fr\/wp-json\/wp\/v2\/types\/product"}],"wp:featuredmedia":[{"embeddable":true,"href":"https:\/\/shop.kustom.ch\/fr\/wp-json\/wp\/v2\/media\/729266"}],"wp:attachment":[{"href":"https:\/\/shop.kustom.ch\/fr\/wp-json\/wp\/v2\/media?parent=729219"}],"wp:term":[{"taxonomy":"product_brand","embeddable":true,"href":"https:\/\/shop.kustom.ch\/fr\/wp-json\/wp\/v2\/product_brand?post=729219"},{"taxonomy":"product_cat","embeddable":true,"href":"https:\/\/shop.kustom.ch\/fr\/wp-json\/wp\/v2\/product_cat?post=729219"},{"taxonomy":"product_tag","embeddable":true,"href":"https:\/\/shop.kustom.ch\/fr\/wp-json\/wp\/v2\/product_tag?post=729219"}],"curies":[{"name":"wp","href":"https:\/\/api.w.org\/{rel}","templated":true}]}}