{"id":729187,"date":"2026-04-01T20:00:16","date_gmt":"2026-04-01T19:00:16","guid":{"rendered":"https:\/\/shop.kustom.ch\/?post_type=product&#038;p=729187"},"modified":"2026-04-01T20:01:42","modified_gmt":"2026-04-01T19:01:42","slug":"pawel-kinder-3-in-1-jacke","status":"publish","type":"product","link":"https:\/\/shop.kustom.ch\/fr\/produit\/pawel-kinder-3-in-1-jacke\/","title":{"rendered":"Pawel Enfants Veste 3 en 1"},"content":{"rendered":"<p>Pawel. Cette veste 3 en 1 r\u00e9sistante aux intemp\u00e9ries est dot\u00e9e d'une veste en polaire d\u00e9tachable dont la couleur est assortie \u00e0 celle de la veste ext\u00e9rieure et qui peut donc \u00eatre port\u00e9e toute l'ann\u00e9e. Qu'il vente, qu'il pleuve ou qu'il fasse un froid mordant, avec Pawel, on a toujours la bonne combinaison de vestes \u00e0 port\u00e9e de main.<\/p>","protected":false},"excerpt":{"rendered":"<p>Pawel. Cette veste 3 en 1 r\u00e9sistante aux intemp\u00e9ries est dot\u00e9e d'une veste en polaire d\u00e9tachable dont la couleur est assortie \u00e0 celle de la veste ext\u00e9rieure et qui peut donc \u00eatre port\u00e9e toute l'ann\u00e9e. Qu'il vente, qu'il pleuve ou qu'il fasse un froid mordant, avec Pawel, on a toujours la bonne combinaison de vestes \u00e0 port\u00e9e de main.<\/p>","protected":false},"featured_media":729238,"template":"","meta":[],"product_brand":[],"product_cat":[4186],"product_tag":[],"class_list":{"0":"post-729187","1":"product","2":"type-product","3":"status-publish","4":"has-post-thumbnail","6":"product_cat-jacken","7":"pa_brand-rukka","8":"pa_brand-type-workwear","9":"pa_filter-color-gruen","10":"pa_filter-color-rot","11":"pa_filter-color-violet","13":"first","14":"instock","15":"taxable","16":"shipping-taxable","17":"purchasable","18":"product-type-variable","19":"add-to-wishlist-before_image"},"exclude_global_add_ons":[],"addons":[],"acf":[],"_links":{"self":[{"href":"https:\/\/shop.kustom.ch\/fr\/wp-json\/wp\/v2\/product\/729187"}],"collection":[{"href":"https:\/\/shop.kustom.ch\/fr\/wp-json\/wp\/v2\/product"}],"about":[{"href":"https:\/\/shop.kustom.ch\/fr\/wp-json\/wp\/v2\/types\/product"}],"wp:featuredmedia":[{"embeddable":true,"href":"https:\/\/shop.kustom.ch\/fr\/wp-json\/wp\/v2\/media\/729238"}],"wp:attachment":[{"href":"https:\/\/shop.kustom.ch\/fr\/wp-json\/wp\/v2\/media?parent=729187"}],"wp:term":[{"taxonomy":"product_brand","embeddable":true,"href":"https:\/\/shop.kustom.ch\/fr\/wp-json\/wp\/v2\/product_brand?post=729187"},{"taxonomy":"product_cat","embeddable":true,"href":"https:\/\/shop.kustom.ch\/fr\/wp-json\/wp\/v2\/product_cat?post=729187"},{"taxonomy":"product_tag","embeddable":true,"href":"https:\/\/shop.kustom.ch\/fr\/wp-json\/wp\/v2\/product_tag?post=729187"}],"curies":[{"name":"wp","href":"https:\/\/api.w.org\/{rel}","templated":true}]}}