{"id":729160,"date":"2026-04-01T19:59:47","date_gmt":"2026-04-01T18:59:47","guid":{"rendered":"https:\/\/shop.kustom.ch\/?post_type=product&#038;p=729160"},"modified":"2026-04-01T20:01:10","modified_gmt":"2026-04-01T19:01:10","slug":"luis-kinder-regenjacke","status":"publish","type":"product","link":"https:\/\/shop.kustom.ch\/fr\/produit\/luis-kinder-regenjacke\/","title":{"rendered":"Veste de pluie pour enfants Luis"},"content":{"rendered":"<p>Luis . Cette veste de pluie l\u00e9g\u00e8re \u00e0 2,5 couches pour enfants offre une excellente protection contre la pluie avec une colonne d'eau de 10\u2019000 mm. Son look cool la rend non seulement fonctionnelle, mais aussi parfaite comme veste de loisirs pour les enfants actifs.<\/p>","protected":false},"excerpt":{"rendered":"<p>Luis . Cette veste de pluie l\u00e9g\u00e8re \u00e0 2,5 couches pour enfants offre une excellente protection contre la pluie avec une colonne d'eau de 10\u2019000 mm. Son look cool la rend non seulement fonctionnelle, mais aussi parfaite comme veste de loisirs pour les enfants actifs.<\/p>","protected":false},"featured_media":729218,"template":"","meta":[],"product_brand":[],"product_cat":[4186],"product_tag":[],"class_list":{"0":"post-729160","1":"product","2":"type-product","3":"status-publish","4":"has-post-thumbnail","6":"product_cat-jacken","7":"pa_brand-rukka","8":"pa_brand-type-workwear","9":"pa_filter-color-blau","10":"pa_filter-color-schwarz","12":"first","13":"instock","14":"taxable","15":"shipping-taxable","16":"purchasable","17":"product-type-variable","18":"add-to-wishlist-before_image"},"exclude_global_add_ons":[],"addons":[],"acf":[],"_links":{"self":[{"href":"https:\/\/shop.kustom.ch\/fr\/wp-json\/wp\/v2\/product\/729160"}],"collection":[{"href":"https:\/\/shop.kustom.ch\/fr\/wp-json\/wp\/v2\/product"}],"about":[{"href":"https:\/\/shop.kustom.ch\/fr\/wp-json\/wp\/v2\/types\/product"}],"wp:featuredmedia":[{"embeddable":true,"href":"https:\/\/shop.kustom.ch\/fr\/wp-json\/wp\/v2\/media\/729218"}],"wp:attachment":[{"href":"https:\/\/shop.kustom.ch\/fr\/wp-json\/wp\/v2\/media?parent=729160"}],"wp:term":[{"taxonomy":"product_brand","embeddable":true,"href":"https:\/\/shop.kustom.ch\/fr\/wp-json\/wp\/v2\/product_brand?post=729160"},{"taxonomy":"product_cat","embeddable":true,"href":"https:\/\/shop.kustom.ch\/fr\/wp-json\/wp\/v2\/product_cat?post=729160"},{"taxonomy":"product_tag","embeddable":true,"href":"https:\/\/shop.kustom.ch\/fr\/wp-json\/wp\/v2\/product_tag?post=729160"}],"curies":[{"name":"wp","href":"https:\/\/api.w.org\/{rel}","templated":true}]}}