{"id":729062,"date":"2026-04-01T19:58:14","date_gmt":"2026-04-01T18:58:14","guid":{"rendered":"https:\/\/shop.kustom.ch\/?post_type=product&#038;p=729062"},"modified":"2026-04-01T19:59:23","modified_gmt":"2026-04-01T18:59:23","slug":"jori-kinder-regenjacke","status":"publish","type":"product","link":"https:\/\/shop.kustom.ch\/fr\/produit\/jori-kinder-regenjacke\/","title":{"rendered":"Veste de pluie pour enfants Jori"},"content":{"rendered":"<p>Jori. R\u00e9sistant et pourtant l\u00e9ger, Jori r\u00e9siste sans peine \u00e0 toutes les aventures dans les flaques. La veste de pluie est absolument imperm\u00e9able, \u00e9lastique et extr\u00eamement facile \u00e0 entretenir - elle peut m\u00eame \u00eatre lav\u00e9e en machine.<\/p>","protected":false},"excerpt":{"rendered":"<p>Jori. R\u00e9sistant et pourtant l\u00e9ger, Jori r\u00e9siste sans peine \u00e0 toutes les aventures dans les flaques. La veste de pluie est absolument imperm\u00e9able, \u00e9lastique et extr\u00eamement facile \u00e0 entretenir - elle peut m\u00eame \u00eatre lav\u00e9e en machine.<\/p>","protected":false},"featured_media":729098,"template":"","meta":[],"product_brand":[],"product_cat":[4186],"product_tag":[],"class_list":{"0":"post-729062","1":"product","2":"type-product","3":"status-publish","4":"has-post-thumbnail","6":"product_cat-jacken","7":"pa_brand-rukka","8":"pa_brand-type-workwear","9":"pa_filter-color-beige","10":"pa_filter-color-blau","11":"pa_filter-color-gelb","12":"pa_filter-color-violet","14":"first","15":"instock","16":"taxable","17":"shipping-taxable","18":"purchasable","19":"product-type-variable","20":"add-to-wishlist-before_image"},"exclude_global_add_ons":[],"addons":[],"acf":[],"_links":{"self":[{"href":"https:\/\/shop.kustom.ch\/fr\/wp-json\/wp\/v2\/product\/729062"}],"collection":[{"href":"https:\/\/shop.kustom.ch\/fr\/wp-json\/wp\/v2\/product"}],"about":[{"href":"https:\/\/shop.kustom.ch\/fr\/wp-json\/wp\/v2\/types\/product"}],"wp:featuredmedia":[{"embeddable":true,"href":"https:\/\/shop.kustom.ch\/fr\/wp-json\/wp\/v2\/media\/729098"}],"wp:attachment":[{"href":"https:\/\/shop.kustom.ch\/fr\/wp-json\/wp\/v2\/media?parent=729062"}],"wp:term":[{"taxonomy":"product_brand","embeddable":true,"href":"https:\/\/shop.kustom.ch\/fr\/wp-json\/wp\/v2\/product_brand?post=729062"},{"taxonomy":"product_cat","embeddable":true,"href":"https:\/\/shop.kustom.ch\/fr\/wp-json\/wp\/v2\/product_cat?post=729062"},{"taxonomy":"product_tag","embeddable":true,"href":"https:\/\/shop.kustom.ch\/fr\/wp-json\/wp\/v2\/product_tag?post=729062"}],"curies":[{"name":"wp","href":"https:\/\/api.w.org\/{rel}","templated":true}]}}