{"id":728981,"date":"2026-04-01T19:56:44","date_gmt":"2026-04-01T18:56:44","guid":{"rendered":"https:\/\/shop.kustom.ch\/?post_type=product&#038;p=728981"},"modified":"2026-04-01T19:58:09","modified_gmt":"2026-04-01T18:58:09","slug":"stina-kinder-regenjacke","status":"publish","type":"product","link":"https:\/\/shop.kustom.ch\/fr\/produit\/stina-kinder-regenjacke\/","title":{"rendered":"Veste de pluie Stina enfants"},"content":{"rendered":"<p>Stina est une veste de pluie. Est le compagnon id\u00e9al lorsqu'il s'agit d'emporter une veste de pluie peu encombrante et facile \u00e0 ranger. Le mat\u00e9riau stretch offre une bonne libert\u00e9 de mouvement et convient parfaitement comme protection contre les intemp\u00e9ries.<\/p>","protected":false},"excerpt":{"rendered":"<p>Stina est une veste de pluie. Est le compagnon id\u00e9al lorsqu'il s'agit d'emporter une veste de pluie peu encombrante et facile \u00e0 ranger. Le mat\u00e9riau stretch offre une bonne libert\u00e9 de mouvement et convient parfaitement comme protection contre les intemp\u00e9ries.<\/p>","protected":false},"featured_media":729025,"template":"","meta":[],"product_brand":[],"product_cat":[4186],"product_tag":[],"class_list":{"0":"post-728981","1":"product","2":"type-product","3":"status-publish","4":"has-post-thumbnail","6":"product_cat-jacken","7":"pa_brand-rukka","8":"pa_brand-type-workwear","9":"pa_filter-color-blau","10":"pa_filter-color-gelb","11":"pa_filter-color-grau","12":"pa_filter-color-pink","14":"first","15":"instock","16":"taxable","17":"shipping-taxable","18":"purchasable","19":"product-type-variable","20":"add-to-wishlist-before_image"},"exclude_global_add_ons":[],"addons":[],"acf":[],"_links":{"self":[{"href":"https:\/\/shop.kustom.ch\/fr\/wp-json\/wp\/v2\/product\/728981"}],"collection":[{"href":"https:\/\/shop.kustom.ch\/fr\/wp-json\/wp\/v2\/product"}],"about":[{"href":"https:\/\/shop.kustom.ch\/fr\/wp-json\/wp\/v2\/types\/product"}],"wp:featuredmedia":[{"embeddable":true,"href":"https:\/\/shop.kustom.ch\/fr\/wp-json\/wp\/v2\/media\/729025"}],"wp:attachment":[{"href":"https:\/\/shop.kustom.ch\/fr\/wp-json\/wp\/v2\/media?parent=728981"}],"wp:term":[{"taxonomy":"product_brand","embeddable":true,"href":"https:\/\/shop.kustom.ch\/fr\/wp-json\/wp\/v2\/product_brand?post=728981"},{"taxonomy":"product_cat","embeddable":true,"href":"https:\/\/shop.kustom.ch\/fr\/wp-json\/wp\/v2\/product_cat?post=728981"},{"taxonomy":"product_tag","embeddable":true,"href":"https:\/\/shop.kustom.ch\/fr\/wp-json\/wp\/v2\/product_tag?post=728981"}],"curies":[{"name":"wp","href":"https:\/\/api.w.org\/{rel}","templated":true}]}}