{"id":728929,"date":"2026-04-01T19:55:42","date_gmt":"2026-04-01T18:55:42","guid":{"rendered":"https:\/\/shop.kustom.ch\/?post_type=product&#038;p=728929"},"modified":"2026-04-01T19:57:04","modified_gmt":"2026-04-01T18:57:04","slug":"malin-kinder-regenjacke","status":"publish","type":"product","link":"https:\/\/shop.kustom.ch\/fr\/produit\/malin-kinder-regenjacke\/","title":{"rendered":"Malin Veste de pluie pour enfants"},"content":{"rendered":"<p>La veste Malin. Cette veste r\u00e9sistante aux intemp\u00e9ries s\u00e9duit par son imprim\u00e9 cool, con\u00e7u par l'artiste saint-gallois Dr\u00fcegg. Notre \u00e9quipe de designers a habilement int\u00e9gr\u00e9 cet imprim\u00e9 dans la doublure de la veste Malin pour cr\u00e9er un look ludique.<\/p>","protected":false},"excerpt":{"rendered":"<p>La veste Malin. Cette veste r\u00e9sistante aux intemp\u00e9ries s\u00e9duit par son imprim\u00e9 cool, con\u00e7u par l'artiste saint-gallois Dr\u00fcegg. Notre \u00e9quipe de designers a habilement int\u00e9gr\u00e9 cet imprim\u00e9 dans la doublure de la veste Malin pour cr\u00e9er un look ludique.<\/p>","protected":false},"featured_media":728972,"template":"","meta":[],"product_brand":[],"product_cat":[4186],"product_tag":[],"class_list":{"0":"post-728929","1":"product","2":"type-product","3":"status-publish","4":"has-post-thumbnail","6":"product_cat-jacken","7":"pa_brand-rukka","8":"pa_brand-type-workwear","9":"pa_filter-color-blau","10":"pa_filter-color-pink","12":"first","13":"instock","14":"taxable","15":"shipping-taxable","16":"purchasable","17":"product-type-variable","18":"add-to-wishlist-before_image"},"exclude_global_add_ons":[],"addons":[],"acf":[],"_links":{"self":[{"href":"https:\/\/shop.kustom.ch\/fr\/wp-json\/wp\/v2\/product\/728929"}],"collection":[{"href":"https:\/\/shop.kustom.ch\/fr\/wp-json\/wp\/v2\/product"}],"about":[{"href":"https:\/\/shop.kustom.ch\/fr\/wp-json\/wp\/v2\/types\/product"}],"wp:featuredmedia":[{"embeddable":true,"href":"https:\/\/shop.kustom.ch\/fr\/wp-json\/wp\/v2\/media\/728972"}],"wp:attachment":[{"href":"https:\/\/shop.kustom.ch\/fr\/wp-json\/wp\/v2\/media?parent=728929"}],"wp:term":[{"taxonomy":"product_brand","embeddable":true,"href":"https:\/\/shop.kustom.ch\/fr\/wp-json\/wp\/v2\/product_brand?post=728929"},{"taxonomy":"product_cat","embeddable":true,"href":"https:\/\/shop.kustom.ch\/fr\/wp-json\/wp\/v2\/product_cat?post=728929"},{"taxonomy":"product_tag","embeddable":true,"href":"https:\/\/shop.kustom.ch\/fr\/wp-json\/wp\/v2\/product_tag?post=728929"}],"curies":[{"name":"wp","href":"https:\/\/api.w.org\/{rel}","templated":true}]}}