{"id":728862,"date":"2026-04-01T19:54:40","date_gmt":"2026-04-01T18:54:40","guid":{"rendered":"https:\/\/shop.kustom.ch\/?post_type=product&#038;p=728862"},"modified":"2026-04-01T19:56:09","modified_gmt":"2026-04-01T18:56:09","slug":"tobo-kinder-skiparka","status":"publish","type":"product","link":"https:\/\/shop.kustom.ch\/fr\/produit\/tobo-kinder-skiparka\/","title":{"rendered":"Tobo Parka de ski pour enfants"},"content":{"rendered":"<p>Tobo . Cette parka de ski polyvalente n'est pas seulement parfaite pour les pistes de ski, elle est aussi un compagnon fiable pour le quotidien hivernal. Avec son \u00e9quipement r\u00e9sistant aux intemp\u00e9ries, elle te garde au chaud et au sec dans toutes les situations. Que tu sois sur les pistes ou en train de vaquer \u00e0 tes occupations quotidiennes, cette parka de ski offre une protection id\u00e9ale contre les \u00e9l\u00e9ments.<\/p>","protected":false},"excerpt":{"rendered":"<p>Tobo . Cette parka de ski polyvalente n'est pas seulement parfaite pour les pistes de ski, elle est aussi un compagnon fiable pour le quotidien hivernal. Avec son \u00e9quipement r\u00e9sistant aux intemp\u00e9ries, elle te garde au chaud et au sec dans toutes les situations. Que tu sois sur les pistes ou en train de vaquer \u00e0 tes occupations quotidiennes, cette parka de ski offre une protection id\u00e9ale contre les \u00e9l\u00e9ments.<\/p>","protected":false},"featured_media":728918,"template":"","meta":[],"product_brand":[],"product_cat":[4186],"product_tag":[],"class_list":{"0":"post-728862","1":"product","2":"type-product","3":"status-publish","4":"has-post-thumbnail","6":"product_cat-jacken","7":"pa_brand-rukka","8":"pa_brand-type-workwear","9":"pa_filter-color-blau","10":"pa_filter-color-gelb","11":"pa_filter-color-gruen","13":"first","14":"instock","15":"taxable","16":"shipping-taxable","17":"purchasable","18":"product-type-variable","19":"add-to-wishlist-before_image"},"exclude_global_add_ons":[],"addons":[],"acf":[],"_links":{"self":[{"href":"https:\/\/shop.kustom.ch\/fr\/wp-json\/wp\/v2\/product\/728862"}],"collection":[{"href":"https:\/\/shop.kustom.ch\/fr\/wp-json\/wp\/v2\/product"}],"about":[{"href":"https:\/\/shop.kustom.ch\/fr\/wp-json\/wp\/v2\/types\/product"}],"wp:featuredmedia":[{"embeddable":true,"href":"https:\/\/shop.kustom.ch\/fr\/wp-json\/wp\/v2\/media\/728918"}],"wp:attachment":[{"href":"https:\/\/shop.kustom.ch\/fr\/wp-json\/wp\/v2\/media?parent=728862"}],"wp:term":[{"taxonomy":"product_brand","embeddable":true,"href":"https:\/\/shop.kustom.ch\/fr\/wp-json\/wp\/v2\/product_brand?post=728862"},{"taxonomy":"product_cat","embeddable":true,"href":"https:\/\/shop.kustom.ch\/fr\/wp-json\/wp\/v2\/product_cat?post=728862"},{"taxonomy":"product_tag","embeddable":true,"href":"https:\/\/shop.kustom.ch\/fr\/wp-json\/wp\/v2\/product_tag?post=728862"}],"curies":[{"name":"wp","href":"https:\/\/api.w.org\/{rel}","templated":true}]}}