{"id":728834,"date":"2026-04-01T19:54:13","date_gmt":"2026-04-01T18:54:13","guid":{"rendered":"https:\/\/shop.kustom.ch\/?post_type=product&#038;p=728834"},"modified":"2026-04-01T19:55:36","modified_gmt":"2026-04-01T18:55:36","slug":"timo-kinder-3-in-1-jacke","status":"publish","type":"product","link":"https:\/\/shop.kustom.ch\/fr\/produit\/timo-kinder-3-in-1-jacke\/","title":{"rendered":"Timo Enfants Veste 3 en 1"},"content":{"rendered":"<p>Timo. La veste 3en1 avec polaire sherpa d\u00e9tachable est un compagnon polyvalent pour toute l'ann\u00e9e. En \u00e9t\u00e9, la polaire sherpa l\u00e9g\u00e8re peut \u00eatre port\u00e9e comme veste ou la veste peut \u00eatre utilis\u00e9e comme veste de pluie. En hiver, la combinaison de la polaire sherpa et de la veste de pluie offre une veste chaude et r\u00e9sistante aux intemp\u00e9ries.<\/p>","protected":false},"excerpt":{"rendered":"<p>Timo. La veste 3en1 avec polaire sherpa d\u00e9tachable est un compagnon polyvalent pour toute l'ann\u00e9e. En \u00e9t\u00e9, la polaire sherpa l\u00e9g\u00e8re peut \u00eatre port\u00e9e comme veste ou la veste peut \u00eatre utilis\u00e9e comme veste de pluie. En hiver, la combinaison de la polaire sherpa et de la veste de pluie offre une veste chaude et r\u00e9sistante aux intemp\u00e9ries.<\/p>","protected":false},"featured_media":728898,"template":"","meta":[],"product_brand":[],"product_cat":[4186],"product_tag":[],"class_list":{"0":"post-728834","1":"product","2":"type-product","3":"status-publish","4":"has-post-thumbnail","6":"product_cat-jacken","7":"pa_brand-rukka","8":"pa_brand-type-workwear","9":"pa_filter-color-gruen","10":"pa_filter-color-rot","12":"first","13":"instock","14":"taxable","15":"shipping-taxable","16":"purchasable","17":"product-type-variable","18":"add-to-wishlist-before_image"},"exclude_global_add_ons":[],"addons":[],"acf":[],"_links":{"self":[{"href":"https:\/\/shop.kustom.ch\/fr\/wp-json\/wp\/v2\/product\/728834"}],"collection":[{"href":"https:\/\/shop.kustom.ch\/fr\/wp-json\/wp\/v2\/product"}],"about":[{"href":"https:\/\/shop.kustom.ch\/fr\/wp-json\/wp\/v2\/types\/product"}],"wp:featuredmedia":[{"embeddable":true,"href":"https:\/\/shop.kustom.ch\/fr\/wp-json\/wp\/v2\/media\/728898"}],"wp:attachment":[{"href":"https:\/\/shop.kustom.ch\/fr\/wp-json\/wp\/v2\/media?parent=728834"}],"wp:term":[{"taxonomy":"product_brand","embeddable":true,"href":"https:\/\/shop.kustom.ch\/fr\/wp-json\/wp\/v2\/product_brand?post=728834"},{"taxonomy":"product_cat","embeddable":true,"href":"https:\/\/shop.kustom.ch\/fr\/wp-json\/wp\/v2\/product_cat?post=728834"},{"taxonomy":"product_tag","embeddable":true,"href":"https:\/\/shop.kustom.ch\/fr\/wp-json\/wp\/v2\/product_tag?post=728834"}],"curies":[{"name":"wp","href":"https:\/\/api.w.org\/{rel}","templated":true}]}}