{"id":728806,"date":"2026-04-01T19:53:41","date_gmt":"2026-04-01T18:53:41","guid":{"rendered":"https:\/\/shop.kustom.ch\/?post_type=product&#038;p=728806"},"modified":"2026-04-01T19:55:08","modified_gmt":"2026-04-01T18:55:08","slug":"pippin-kinder-winterparka","status":"publish","type":"product","link":"https:\/\/shop.kustom.ch\/fr\/produit\/pippin-kinder-winterparka\/","title":{"rendered":"Parka d'hiver pour enfants Pippin"},"content":{"rendered":"<p>La parka Pippin. La parka d'hiver r\u00e9sistante aux intemp\u00e9ries a non seulement une coupe magnifique, mais elle est \u00e9galement dot\u00e9e d'une doublure tr\u00e8s chaude. Elle est donc le compagnon id\u00e9al pour les froides journ\u00e9es d'hiver et tient agr\u00e9ablement chaud aux petits aventuriers.<\/p>","protected":false},"excerpt":{"rendered":"<p>La parka Pippin. La parka d'hiver r\u00e9sistante aux intemp\u00e9ries a non seulement une coupe magnifique, mais elle est \u00e9galement dot\u00e9e d'une doublure tr\u00e8s chaude. Elle est donc le compagnon id\u00e9al pour les froides journ\u00e9es d'hiver et tient agr\u00e9ablement chaud aux petits aventuriers.<\/p>","protected":false},"featured_media":728861,"template":"","meta":[],"product_brand":[],"product_cat":[4186],"product_tag":[],"class_list":{"0":"post-728806","1":"product","2":"type-product","3":"status-publish","4":"has-post-thumbnail","6":"product_cat-jacken","7":"pa_brand-rukka","8":"pa_brand-type-workwear","9":"pa_filter-color-blau","10":"pa_filter-color-gelb","11":"pa_filter-color-gruen","13":"first","14":"instock","15":"taxable","16":"shipping-taxable","17":"purchasable","18":"product-type-variable","19":"add-to-wishlist-before_image"},"exclude_global_add_ons":[],"addons":[],"acf":[],"_links":{"self":[{"href":"https:\/\/shop.kustom.ch\/fr\/wp-json\/wp\/v2\/product\/728806"}],"collection":[{"href":"https:\/\/shop.kustom.ch\/fr\/wp-json\/wp\/v2\/product"}],"about":[{"href":"https:\/\/shop.kustom.ch\/fr\/wp-json\/wp\/v2\/types\/product"}],"wp:featuredmedia":[{"embeddable":true,"href":"https:\/\/shop.kustom.ch\/fr\/wp-json\/wp\/v2\/media\/728861"}],"wp:attachment":[{"href":"https:\/\/shop.kustom.ch\/fr\/wp-json\/wp\/v2\/media?parent=728806"}],"wp:term":[{"taxonomy":"product_brand","embeddable":true,"href":"https:\/\/shop.kustom.ch\/fr\/wp-json\/wp\/v2\/product_brand?post=728806"},{"taxonomy":"product_cat","embeddable":true,"href":"https:\/\/shop.kustom.ch\/fr\/wp-json\/wp\/v2\/product_cat?post=728806"},{"taxonomy":"product_tag","embeddable":true,"href":"https:\/\/shop.kustom.ch\/fr\/wp-json\/wp\/v2\/product_tag?post=728806"}],"curies":[{"name":"wp","href":"https:\/\/api.w.org\/{rel}","templated":true}]}}